{"id":9949,"date":"2016-07-29T17:50:57","date_gmt":"2016-07-29T17:50:57","guid":{"rendered":"http:\/\/www.mapierailing.it\/fr\/?page_id=9949"},"modified":"2026-03-10T17:27:40","modified_gmt":"2026-03-10T17:27:40","slug":"garde-corps-en-aluminium-donatello","status":"publish","type":"page","link":"https:\/\/www.mapierailing.it\/fr\/garde-corps-en-aluminium-donatello\/","title":{"rendered":"Garde-corps en aluminium \u201cDonatello\u201d"},"content":{"rendered":"<style type=\"text\/css\"> \n#cmsms_row_6a058e6d80d949_16595551 .cmsms_row_outer_parent { \n\tpadding-top: 90px; \n} \n\n#cmsms_row_6a058e6d80d949_16595551 .cmsms_row_outer_parent { \n\tpadding-bottom: 130px; \n} \n\n#cmsms_row_6a058e6d80d949_16595551 .cmsms_row_inner.cmsms_row_fullwidth { \n\tpadding-left:5%; \n} \n#cmsms_row_6a058e6d80d949_16595551 .cmsms_row_inner.cmsms_row_fullwidth { \n\tpadding-right:5%; \n} \n \n#cmsms_divider_6a058e6d810d10_87469501 { \n\tborder-bottom-width:1px; \n\tborder-bottom-style:solid; \n\tpadding-top:25px; \n\tmargin-bottom:25px; \n\tborder-bottom-color:#f4f4f4;\n} \n \n#cmsms_divider_6a058e6d812bf1_68242465 { \n\tborder-bottom-width:1px; \n\tborder-bottom-style:solid; \n\tpadding-top:25px; \n\tmargin-bottom:25px; \n\tborder-bottom-color:#f4f4f4;\n} \n \n#cmsms_divider_6a058e6d814a98_66452379 { \n\tborder-bottom-width:1px; \n\tborder-bottom-style:solid; \n\tpadding-top:25px; \n\tmargin-bottom:25px; \n\tborder-bottom-color:#f4f4f4;\n} \n \n#cmsms_divider_6a058e6d816904_75882328 { \n\tborder-bottom-width:1px; \n\tborder-bottom-style:solid; \n\tpadding-top:25px; \n\tmargin-bottom:25px; \n\tborder-bottom-color:#f4f4f4;\n} \n \n#cmsms_divider_6a058e6d818735_50950148 { \n\tborder-bottom-width:1px; \n\tborder-bottom-style:solid; \n\tpadding-top:25px; \n\tmargin-bottom:25px; \n\tborder-bottom-color:#f4f4f4;\n} \n \n#cmsms_divider_6a058e6d81a429_55156811 { \n\tborder-bottom-width:1px; \n\tborder-bottom-style:solid; \n\tpadding-top:25px; \n\tmargin-bottom:25px; \n\tborder-bottom-color:#f4f4f4;\n} \n \n#cmsms_divider_6a058e6d81bfa2_92633066 { \n\tborder-bottom-width:1px; \n\tborder-bottom-style:solid; \n\tpadding-top:25px; \n\tmargin-bottom:25px; \n\tborder-bottom-color:#f4f4f4;\n} \n \n#cmsms_divider_6a058e6d81dd36_99946410 { \n\tborder-bottom-width:1px; \n\tborder-bottom-style:solid; \n\tpadding-top:25px; \n\tmargin-bottom:25px; \n\tborder-bottom-color:#f4f4f4;\n} \n \n#cmsms_divider_6a058e6d81fa78_24216716 { \n\tborder-bottom-width:1px; \n\tborder-bottom-style:solid; \n\tpadding-top:25px; \n\tmargin-bottom:25px; \n\tborder-bottom-color:#f4f4f4;\n} \n \n#cmsms_divider_6a058e6d822748_55728866 { \n\tborder-bottom-width:1px; \n\tborder-bottom-style:solid; \n\tpadding-top:25px; \n\tmargin-bottom:25px; \n\tborder-bottom-color:#f4f4f4;\n} \n \n#cmsms_icon_6a058e6d822dd9_30425084 { \n\tdisplay:block; \n\ttext-align:left; } \n\n#cmsms_icon_6a058e6d822dd9_30425084 .cmsms_simple_icon { \n\tborder-width:0px; \n\twidth:60px; \n\theight:60px; \n\tfont-size:40px; \n\tline-height:60px; \n\ttext-align:left; \n\t-webkit-border-radius:50%; \n\tborder-radius:50%; } \n \n#cmsms_divider_6a058e6d8231f0_26170177 { \n\tborder-bottom-width:1px; \n\tborder-bottom-style:solid; \n\tpadding-top:25px; \n\tmargin-bottom:25px; \n\tborder-bottom-color:#f4f4f4;\n} \n \n#cmsms_icon_6a058e6d823803_89888949 { \n\tdisplay:block; \n\ttext-align:left; } \n\n#cmsms_icon_6a058e6d823803_89888949 .cmsms_simple_icon { \n\tborder-width:0px; \n\twidth:60px; \n\theight:60px; \n\tfont-size:40px; \n\tline-height:60px; \n\ttext-align:left; \n\t-webkit-border-radius:50%; \n\tborder-radius:50%; } \n \n#cmsms_row_6a058e6d823c70_49485282 { \n\tbackground-image: url(https:\/\/www.mapierailing.it\/wp-content\/uploads\/2016\/08\/mappa_footer.jpg); \n\tbackground-position: bottom center; \n\tbackground-repeat: no-repeat; \n\tbackground-attachment: fixed; \n\tbackground-size: cover; \n} \n\n#cmsms_row_6a058e6d823c70_49485282 .cmsms_row_outer_parent { \n\tpadding-top: 100px; \n} \n\n#cmsms_row_6a058e6d823c70_49485282 .cmsms_row_outer_parent { \n\tpadding-bottom: 100px; \n} \n\n \n#cmsms_heading_6a058e6d8275e { \n\ttext-align:left; \n\tmargin-top:0px; \n\tmargin-bottom:40px; \n} \n\n#cmsms_heading_6a058e6d8275e .cmsms_heading { \n\ttext-align:left; \n} \n\n#cmsms_heading_6a058e6d8275e .cmsms_heading, #cmsms_heading_6a058e6d8275e .cmsms_heading a { \n\tfont-weight:500; \n\tfont-style:normal; \n\tcolor:#ffffff;\n} \n\n#cmsms_heading_6a058e6d8275e .cmsms_heading_divider { \n} \n\n \n#cmsms_divider_6a058e6d827df0_95873998 { \n\tborder-bottom-width:0px; \n\tborder-bottom-style:solid; \n\tpadding-top:10px; \n\tmargin-bottom:0px; \n} \n \n#cmsms_divider_6a058e6d8281a8_37910926 { \n\tborder-bottom-width:0px; \n\tborder-bottom-style:solid; \n\tpadding-top:10px; \n\tmargin-bottom:0px; \n} \n \n#cmsms_heading_6a058e6d8295a { \n\ttext-align:left; \n\tmargin-top:0px; \n\tmargin-bottom:40px; \n} \n\n#cmsms_heading_6a058e6d8295a .cmsms_heading { \n\ttext-align:left; \n} \n\n#cmsms_heading_6a058e6d8295a .cmsms_heading, #cmsms_heading_6a058e6d8295a .cmsms_heading a { \n\tfont-weight:500; \n\tfont-style:normal; \n\tcolor:#ffffff;\n} \n\n#cmsms_heading_6a058e6d8295a .cmsms_heading_divider { \n} \n\n \n#cmsms_icon_box_6a058e6d829b42_51395875 { \n\tborder-width:0px; \n} \n\n#cmsms_icon_box_6a058e6d829b42_51395875:before, \n#cmsms_icon_box_6a058e6d829b42_51395875 .icon_box_heading:before { \n\tfont-size:18px; \n\tline-height:22px; \n\twidth:22px; \n\theight:22px; \n\tborder-width:0px; \n\t-webkit-border-radius:50%; \n\tborder-radius:50%; \n\tcolor:#bda87f;\n} \n\n \n#cmsms_divider_6a058e6d82a111_57202533 { \n\tborder-bottom-width:0px; \n\tborder-bottom-style:solid; \n\tpadding-top:10px; \n\tmargin-bottom:0px; \n} \n \n#cmsms_icon_box_6a058e6d82a530_74112301 { \n\tborder-width:0px; \n} \n\n#cmsms_icon_box_6a058e6d82a530_74112301:before, \n#cmsms_icon_box_6a058e6d82a530_74112301 .icon_box_heading:before { \n\tfont-size:18px; \n\tline-height:22px; \n\twidth:22px; \n\theight:22px; \n\tborder-width:0px; \n\t-webkit-border-radius:50%; \n\tborder-radius:50%; \n\tcolor:#bda87f;\n} \n\n \n#cmsms_divider_6a058e6d82a9f2_86976050 { \n\tborder-bottom-width:0px; \n\tborder-bottom-style:solid; \n\tpadding-top:10px; \n\tmargin-bottom:0px; \n} \n \n#cmsms_icon_box_6a058e6d82ae31_03115627 { \n\tborder-width:0px; \n} \n\n#cmsms_icon_box_6a058e6d82ae31_03115627:before, \n#cmsms_icon_box_6a058e6d82ae31_03115627 .icon_box_heading:before { \n\tfont-size:18px; \n\tline-height:15px; \n\twidth:15px; \n\theight:15px; \n\tborder-width:0px; \n\t-webkit-border-radius:50%; \n\tborder-radius:50%; \n\tcolor:#bda87f;\n} \n\n<\/style><div id=\"cmsms_row_6a058e6d80d949_16595551\" class=\"cmsms_row cmsms_color_scheme_first\">\n<div class=\"cmsms_row_outer_parent\">\n<div class=\"cmsms_row_outer\">\n<div class=\"cmsms_row_inner cmsms_row_fullwidth\">\n<div class=\"cmsms_row_margin\">\n<div class=\"cmsms_column one_half\">\n<div class=\"cmsms_img  cmsms_image_l\">\n<img src=\"https:\/\/www.mapierailing.it\/wp-content\/uploads\/2016\/07\/parapetto_donatello_profili_orizzontali_alluminio_2.jpg\" alt=\"parapetto donatello profili orizzontali alluminio 2\" \/>\n<\/div>\n\n<div id=\"cmsms_divider_6a058e6d810d10_87469501\" class=\"cmsms_divider cmsms_divider_width_medium cmsms_divider_pos_center\"><\/div>\n<div class=\"cmsms_img  cmsms_image_l\">\n<img src=\"https:\/\/www.mapierailing.it\/wp-content\/uploads\/2016\/07\/parapetto_donatello_profili_orizzontali_alluminio_2_est.jpg\" alt=\"parapetto donatello profili orizzontali alluminio 2 est\" \/>\n<\/div>\n\n\n<div id=\"cmsms_divider_6a058e6d812bf1_68242465\" class=\"cmsms_divider cmsms_divider_width_medium cmsms_divider_pos_center\"><\/div>\n<div class=\"cmsms_img  cmsms_image_l\">\n<img src=\"https:\/\/www.mapierailing.it\/wp-content\/uploads\/2016\/07\/parapetto_donatello_profili_orizzontali_alluminio_1.jpg\" alt=\"parapetto donatello profili orizzontali alluminio 1\" \/>\n<\/div>\n\n\n<div id=\"cmsms_divider_6a058e6d814a98_66452379\" class=\"cmsms_divider cmsms_divider_width_medium cmsms_divider_pos_center\"><\/div>\n<div class=\"cmsms_img  cmsms_image_l\">\n<img src=\"https:\/\/www.mapierailing.it\/wp-content\/uploads\/2016\/07\/parapetto_donatello_profili_orizzontali_alluminio_3_est.jpg\" alt=\"parapetto donatello profili orizzontali alluminio 3 est\" \/>\n<\/div>\n\n\n<div id=\"cmsms_divider_6a058e6d816904_75882328\" class=\"cmsms_divider cmsms_divider_width_medium cmsms_divider_pos_center\"><\/div>\n<div class=\"cmsms_img  cmsms_image_l\">\n<img src=\"https:\/\/www.mapierailing.it\/wp-content\/uploads\/2016\/07\/parapetto_donatello_profili_orizzontali_inclinato_alluminio_1-1.jpg\" alt=\"parapetto donatello profili orizzontali inclinato alluminio 1\" \/>\n<\/div>\n\n\n<div id=\"cmsms_divider_6a058e6d818735_50950148\" class=\"cmsms_divider cmsms_divider_width_medium cmsms_divider_pos_center\"><\/div>\n<div class=\"cmsms_img  cmsms_image_l\">\n<img src=\"https:\/\/www.mapierailing.it\/wp-content\/uploads\/2016\/07\/parapetto_donatello_profili_orizzontali_inclinato_alluminio_1_est-1.jpg\" alt=\"parapetto donatello profili orizzontali inclinato alluminio 1 est\" \/>\n<\/div>\n\n\n<div id=\"cmsms_divider_6a058e6d81a429_55156811\" class=\"cmsms_divider cmsms_divider_width_medium cmsms_divider_pos_center\"><\/div>\n<div class=\"cmsms_img  cmsms_image_l\">\n<img src=\"https:\/\/www.mapierailing.it\/wp-content\/uploads\/2016\/07\/parapetto_donatello_profili_orizzontali_curvo_alluminio_1.jpg\" alt=\"parapetto donatello profili orizzontali curvo alluminio 1\" \/>\n<\/div>\n\n\n<div id=\"cmsms_divider_6a058e6d81bfa2_92633066\" class=\"cmsms_divider cmsms_divider_width_medium cmsms_divider_pos_center\"><\/div>\n<div class=\"cmsms_img  cmsms_image_l\">\n<img src=\"https:\/\/www.mapierailing.it\/wp-content\/uploads\/2016\/07\/parapetto_donatello_profili_orizzontali_curvo_alluminio_1_est.jpg\" alt=\"parapetto donatello profili orizzontali curvo alluminio 1 est\" \/>\n<\/div>\n\n\n<div id=\"cmsms_divider_6a058e6d81dd36_99946410\" class=\"cmsms_divider cmsms_divider_width_medium cmsms_divider_pos_center\"><\/div>\n<div class=\"cmsms_img  cmsms_image_l\">\n<a href=\"http:\/\/www.mapierailing.it\/wp-content\/uploads\/2016\/07\/parapetti_scale_profili_orizzontali_donatello.jpg\" rel=\"ilightbox\"><img src=\"https:\/\/www.mapierailing.it\/wp-content\/uploads\/2016\/07\/parapetti_scale_profili_orizzontali_donatello.jpg\" alt=\"parapetti scale profili orizzontali donatello\" \/><\/a>\n<\/div>\n\n\n<div id=\"cmsms_divider_6a058e6d81fa78_24216716\" class=\"cmsms_divider cmsms_divider_width_medium cmsms_divider_pos_center\"><\/div>\n<div class=\"cmsms_img  cmsms_image_l\">\n<img src=\"https:\/\/www.mapierailing.it\/wp-content\/uploads\/2016\/07\/scheda_tecnica_parapetto_donatello_fra-e1523528237662.jpg\" \/>\n<\/div>\n<\/div>\n<div class=\"cmsms_column one_half\">\n<div class=\"cmsms_text\">\n<h3>Garde-corps en aluminium \u00ab\u00a0Donatello\u00a0\u00bb<\/h3>\n<p>Garde-corps en aluminium mod\u00e8le Donatello, compos\u00e9 par montants verticaux et inclin\u00e9s (dans le respect des lois anti escalade ), traverses et main courante en profil\u00e9s extrud\u00e9s en alliage d&rsquo;aluminium EN AW 6005T6.<\/p>\n<p>Profil\u00e9s de remplissage horizontaux en aluminium 20&#215;20 mm rondes ou carr\u00e9s, avec distance maximale entre eux de 100 mm.<\/p>\n<p>Kit de montage compos\u00e9 par boulons et tasseaux d\u2019ancrage\u00a0en acier inoxydable.<\/p>\n<p>Le montage peut \u00eatre r\u00e9alis\u00e9 avec fixation frontale ou fixation sur le plan horizontal.<\/p>\n<\/div>\n\n<div id=\"cmsms_divider_6a058e6d822748_55728866\" class=\"cmsms_divider cmsms_divider_width_medium cmsms_divider_pos_center\"><\/div>\n<div class=\"cmsms_text\">\n<h5 style=\"margin-bottom: 0px;\">T\u00e9l\u00e9charge la fiche technique<\/h5>\n<\/div>\n\n<div id=\"cmsms_icon_6a058e6d822dd9_30425084\" class=\"cmsms_icon_wrap\"><a href=\"http:\/\/www.mapierailing.it\/wp-content\/uploads\/2018\/04\/scheda_tecnica_parapetto_donatello_fra.pdf\" target=\"_blank\"><span class=\"cmsms_simple_icon cmsms-icon-download-1\"><\/span><\/a><\/div>\n\n<div id=\"cmsms_divider_6a058e6d8231f0_26170177\" class=\"cmsms_divider cmsms_divider_width_medium cmsms_divider_pos_center\"><\/div>\n<div class=\"cmsms_text\">\n<h5 style=\"margin-bottom: 0px;\">T\u00e9l\u00e9charger le catalogue complet<\/h5>\n<\/div>\n\n<div id=\"cmsms_icon_6a058e6d823803_89888949\" class=\"cmsms_icon_wrap\"><a href=\"http:\/\/www.mapierailing.it\/wp-content\/uploads\/2016\/11\/catalogue-gardecorps-and-clotures-2016-mapier.pdf\" target=\"_blank\"><span class=\"cmsms_simple_icon cmsms-icon-download-1\"><\/span><\/a><\/div>\n<\/div>\n<\/div>\n<\/div>\n<\/div>\n<\/div>\n<\/div>\n<div id=\"cmsms_row_6a058e6d823c70_49485282\" class=\"cmsms_row cmsms_color_scheme_second\">\n<div class=\"cmsms_row_outer_parent\">\n<div class=\"cmsms_row_outer\">\n<div class=\"cmsms_row_inner\">\n<div class=\"cmsms_row_margin\">\n<div class=\"cmsms_column one_third\">\n<div class=\"cmsms_img  cmsms_image_l\">\n<img src=\"https:\/\/www.mapierailing.it\/wp-content\/uploads\/2015\/04\/m_f-1.png\" \/>\n<\/div>\n<\/div>\n<div class=\"cmsms_column one_third\">\n\n<div id=\"cmsms_heading_6a058e6d8275e\" class=\"cmsms_heading_wrap cmsms_heading_align_left\">\n\t<h4 class=\"cmsms_heading\">R\u00e9f\u00e9rences<\/h4>\n<\/div><div class=\"cmsms_text\">\n<p style=\"font-weight: 500;\">Martinelli Andrea &#8211; Commercial<br \/>\ncommerciale@mapiergroup.it<br \/>\nSkype: andrea.martinelli.mapiergroup<\/p>\n<\/div>\n\n<div id=\"cmsms_divider_6a058e6d827df0_95873998\" class=\"cl\"><\/div>\n\n<div id=\"cmsms_divider_6a058e6d8281a8_37910926\" class=\"cl\"><\/div>\n<div class=\"cmsms_text\">\n<p style=\"font-weight: 500;\">Martinelli Marco &#8211; Technique<br \/>\ntecnico@mapiergroup.it<br \/>\nSkype: marco.martinelli.mapiergroup<\/p>\n<\/div>\n<\/div>\n<div class=\"cmsms_column one_third\">\n\n<div id=\"cmsms_heading_6a058e6d8295a\" class=\"cmsms_heading_wrap cmsms_heading_align_left\">\n\t<h4 class=\"cmsms_heading\">Contacts<\/h4>\n<\/div>\n<div id=\"cmsms_icon_box_6a058e6d829b42_51395875\" class=\"cmsms_icon_box cmsms_icon_heading_left box_icon_type_icon\">\n<div class=\"icon_box_inner\">\n<h6 class=\"icon_box_heading cmsms-icon-location-3\">Via Albert Bruce Sabin, 40 - 40017 San Giovanni in Persiceto - Bologna (BO)<\/h6>\n<div class=\"icon_box_text\">\n<p><\/p>\n<\/div>\n<\/div>\n<\/div>\n\n<div id=\"cmsms_divider_6a058e6d82a111_57202533\" class=\"cl\"><\/div>\n\n<div id=\"cmsms_icon_box_6a058e6d82a530_74112301\" class=\"cmsms_icon_box cmsms_icon_heading_left box_icon_type_icon\">\n<div class=\"icon_box_inner\">\n<h6 class=\"icon_box_heading cmsms-icon-phone-4\">Tel. 051.821653 \u2013 Fax. 051.827952<\/h6>\n<div class=\"icon_box_text\">\n<p><\/p>\n<\/div>\n<\/div>\n<\/div>\n\n\n<div id=\"cmsms_divider_6a058e6d82a9f2_86976050\" class=\"cl\"><\/div>\n\n<div id=\"cmsms_icon_box_6a058e6d82ae31_03115627\" class=\"cmsms_icon_box cmsms_icon_heading_left box_icon_type_icon\">\n<div class=\"icon_box_inner\">\n<h6 class=\"icon_box_heading cmsms-icon-mail-3\">info@mapiergroup.it<\/h6>\n<div class=\"icon_box_text\">\n<p><\/p>\n<\/div>\n<\/div>\n<\/div>\n<\/div>\n<\/div>\n<\/div>\n<\/div>\n<\/div>\n<\/div>\n\n","protected":false},"excerpt":{"rendered":"","protected":false},"author":4,"featured_media":0,"parent":0,"menu_order":0,"comment_status":"closed","ping_status":"closed","template":"","meta":[],"yoast_head":"<!-- This site is optimized with the Yoast SEO plugin v18.9 - https:\/\/yoast.com\/wordpress\/plugins\/seo\/ -->\n<title>Garde-corps en aluminium \u201cDonatello\u201d - Railing Aluminium Design - Mapier Group S.r.l.<\/title>\n<meta name=\"robots\" content=\"index, follow, max-snippet:-1, max-image-preview:large, max-video-preview:-1\" \/>\n<link rel=\"canonical\" href=\"https:\/\/www.mapierailing.it\/fr\/garde-corps-en-aluminium-donatello\/\" \/>\n<meta property=\"og:locale\" content=\"fr_FR\" \/>\n<meta property=\"og:type\" content=\"article\" \/>\n<meta property=\"og:title\" content=\"Garde-corps en aluminium \u201cDonatello\u201d - Railing Aluminium Design - Mapier Group S.r.l.\" \/>\n<meta property=\"og:url\" content=\"https:\/\/www.mapierailing.it\/fr\/garde-corps-en-aluminium-donatello\/\" \/>\n<meta property=\"og:site_name\" content=\"Railing Aluminium Design - Mapier Group S.r.l.\" \/>\n<meta property=\"article:modified_time\" content=\"2026-03-10T17:27:40+00:00\" \/>\n<meta name=\"twitter:card\" content=\"summary\" \/>\n<meta name=\"twitter:label1\" content=\"Dur\u00e9e de lecture estim\u00e9e\" \/>\n\t<meta name=\"twitter:data1\" content=\"5 minutes\" \/>\n<script type=\"application\/ld+json\" class=\"yoast-schema-graph\">{\"@context\":\"https:\/\/schema.org\",\"@graph\":[{\"@type\":\"WebSite\",\"@id\":\"https:\/\/www.mapierailing.it\/#website\",\"url\":\"https:\/\/www.mapierailing.it\/\",\"name\":\"Railing Aluminium Design - Mapier Group S.r.l.\",\"description\":\"Parapetti e recinzioni\",\"potentialAction\":[{\"@type\":\"SearchAction\",\"target\":{\"@type\":\"EntryPoint\",\"urlTemplate\":\"https:\/\/www.mapierailing.it\/?s={search_term_string}\"},\"query-input\":\"required name=search_term_string\"}],\"inLanguage\":\"fr-FR\"},{\"@type\":\"WebPage\",\"@id\":\"https:\/\/www.mapierailing.it\/fr\/garde-corps-en-aluminium-donatello\/#webpage\",\"url\":\"https:\/\/www.mapierailing.it\/fr\/garde-corps-en-aluminium-donatello\/\",\"name\":\"Garde-corps en aluminium \u201cDonatello\u201d - Railing Aluminium Design - Mapier Group S.r.l.\",\"isPartOf\":{\"@id\":\"https:\/\/www.mapierailing.it\/#website\"},\"datePublished\":\"2016-07-29T17:50:57+00:00\",\"dateModified\":\"2026-03-10T17:27:40+00:00\",\"breadcrumb\":{\"@id\":\"https:\/\/www.mapierailing.it\/fr\/garde-corps-en-aluminium-donatello\/#breadcrumb\"},\"inLanguage\":\"fr-FR\",\"potentialAction\":[{\"@type\":\"ReadAction\",\"target\":[\"https:\/\/www.mapierailing.it\/fr\/garde-corps-en-aluminium-donatello\/\"]}]},{\"@type\":\"BreadcrumbList\",\"@id\":\"https:\/\/www.mapierailing.it\/fr\/garde-corps-en-aluminium-donatello\/#breadcrumb\",\"itemListElement\":[{\"@type\":\"ListItem\",\"position\":1,\"name\":\"Home\",\"item\":\"https:\/\/www.mapierailing.it\/fr\/\"},{\"@type\":\"ListItem\",\"position\":2,\"name\":\"Garde-corps en aluminium \u201cDonatello\u201d\"}]}]}<\/script>\n<!-- \/ Yoast SEO plugin. -->","yoast_head_json":{"title":"Garde-corps en aluminium \u201cDonatello\u201d - Railing Aluminium Design - Mapier Group S.r.l.","robots":{"index":"index","follow":"follow","max-snippet":"max-snippet:-1","max-image-preview":"max-image-preview:large","max-video-preview":"max-video-preview:-1"},"canonical":"https:\/\/www.mapierailing.it\/fr\/garde-corps-en-aluminium-donatello\/","og_locale":"fr_FR","og_type":"article","og_title":"Garde-corps en aluminium \u201cDonatello\u201d - Railing Aluminium Design - Mapier Group S.r.l.","og_url":"https:\/\/www.mapierailing.it\/fr\/garde-corps-en-aluminium-donatello\/","og_site_name":"Railing Aluminium Design - Mapier Group S.r.l.","article_modified_time":"2026-03-10T17:27:40+00:00","twitter_card":"summary","twitter_misc":{"Dur\u00e9e de lecture estim\u00e9e":"5 minutes"},"schema":{"@context":"https:\/\/schema.org","@graph":[{"@type":"WebSite","@id":"https:\/\/www.mapierailing.it\/#website","url":"https:\/\/www.mapierailing.it\/","name":"Railing Aluminium Design - Mapier Group S.r.l.","description":"Parapetti e recinzioni","potentialAction":[{"@type":"SearchAction","target":{"@type":"EntryPoint","urlTemplate":"https:\/\/www.mapierailing.it\/?s={search_term_string}"},"query-input":"required name=search_term_string"}],"inLanguage":"fr-FR"},{"@type":"WebPage","@id":"https:\/\/www.mapierailing.it\/fr\/garde-corps-en-aluminium-donatello\/#webpage","url":"https:\/\/www.mapierailing.it\/fr\/garde-corps-en-aluminium-donatello\/","name":"Garde-corps en aluminium \u201cDonatello\u201d - Railing Aluminium Design - Mapier Group S.r.l.","isPartOf":{"@id":"https:\/\/www.mapierailing.it\/#website"},"datePublished":"2016-07-29T17:50:57+00:00","dateModified":"2026-03-10T17:27:40+00:00","breadcrumb":{"@id":"https:\/\/www.mapierailing.it\/fr\/garde-corps-en-aluminium-donatello\/#breadcrumb"},"inLanguage":"fr-FR","potentialAction":[{"@type":"ReadAction","target":["https:\/\/www.mapierailing.it\/fr\/garde-corps-en-aluminium-donatello\/"]}]},{"@type":"BreadcrumbList","@id":"https:\/\/www.mapierailing.it\/fr\/garde-corps-en-aluminium-donatello\/#breadcrumb","itemListElement":[{"@type":"ListItem","position":1,"name":"Home","item":"https:\/\/www.mapierailing.it\/fr\/"},{"@type":"ListItem","position":2,"name":"Garde-corps en aluminium \u201cDonatello\u201d"}]}]}},"_links":{"self":[{"href":"https:\/\/www.mapierailing.it\/fr\/wp-json\/wp\/v2\/pages\/9949"}],"collection":[{"href":"https:\/\/www.mapierailing.it\/fr\/wp-json\/wp\/v2\/pages"}],"about":[{"href":"https:\/\/www.mapierailing.it\/fr\/wp-json\/wp\/v2\/types\/page"}],"author":[{"embeddable":true,"href":"https:\/\/www.mapierailing.it\/fr\/wp-json\/wp\/v2\/users\/4"}],"replies":[{"embeddable":true,"href":"https:\/\/www.mapierailing.it\/fr\/wp-json\/wp\/v2\/comments?post=9949"}],"version-history":[{"count":9,"href":"https:\/\/www.mapierailing.it\/fr\/wp-json\/wp\/v2\/pages\/9949\/revisions"}],"predecessor-version":[{"id":12229,"href":"https:\/\/www.mapierailing.it\/fr\/wp-json\/wp\/v2\/pages\/9949\/revisions\/12229"}],"wp:attachment":[{"href":"https:\/\/www.mapierailing.it\/fr\/wp-json\/wp\/v2\/media?parent=9949"}],"curies":[{"name":"wp","href":"https:\/\/api.w.org\/{rel}","templated":true}]}}