{"id":11374,"date":"2018-04-19T17:40:30","date_gmt":"2018-04-19T17:40:30","guid":{"rendered":"http:\/\/www.mapierailing.it\/?page_id=11374\/"},"modified":"2026-03-10T17:29:17","modified_gmt":"2026-03-10T17:29:17","slug":"garde-corps-en-aluminium-leonardo-plus","status":"publish","type":"page","link":"https:\/\/www.mapierailing.it\/fr\/garde-corps-en-aluminium-leonardo-plus\/","title":{"rendered":"Garde-corps en aluminium \u00ab\u00a0Leonardo plus\u00a0\u00bb"},"content":{"rendered":"<style type=\"text\/css\"> \n#cmsms_row_6a058fef7b0a40_20976744 .cmsms_row_outer_parent { \n\tpadding-top: 90px; \n} \n\n#cmsms_row_6a058fef7b0a40_20976744 .cmsms_row_outer_parent { \n\tpadding-bottom: 130px; \n} \n\n#cmsms_row_6a058fef7b0a40_20976744 .cmsms_row_inner.cmsms_row_fullwidth { \n\tpadding-left:5%; \n} \n#cmsms_row_6a058fef7b0a40_20976744 .cmsms_row_inner.cmsms_row_fullwidth { \n\tpadding-right:5%; \n} \n \n#cmsms_divider_6a058fef7b3c60_02340750 { \n\tborder-bottom-width:1px; \n\tborder-bottom-style:solid; \n\tpadding-top:25px; \n\tmargin-bottom:25px; \n\tborder-bottom-color:#f4f4f4;\n} \n \n#cmsms_divider_6a058fef7b5c03_13373170 { \n\tborder-bottom-width:1px; \n\tborder-bottom-style:solid; \n\tpadding-top:25px; \n\tmargin-bottom:25px; \n\tborder-bottom-color:#f4f4f4;\n} \n \n#cmsms_divider_6a058fef7b8a06_27020259 { \n\tborder-bottom-width:1px; \n\tborder-bottom-style:solid; \n\tpadding-top:25px; \n\tmargin-bottom:25px; \n\tborder-bottom-color:#f4f4f4;\n} \n \n#cmsms_icon_6a058fef7b90a9_97272955 { \n\tdisplay:block; \n\ttext-align:left; } \n\n#cmsms_icon_6a058fef7b90a9_97272955 .cmsms_simple_icon { \n\tborder-width:0px; \n\twidth:60px; \n\theight:60px; \n\tfont-size:40px; \n\tline-height:60px; \n\ttext-align:left; \n\t-webkit-border-radius:50%; \n\tborder-radius:50%; } \n \n#cmsms_divider_6a058fef7b9480_08414860 { \n\tborder-bottom-width:1px; \n\tborder-bottom-style:solid; \n\tpadding-top:25px; \n\tmargin-bottom:25px; \n\tborder-bottom-color:#f4f4f4;\n} \n \n#cmsms_icon_6a058fef7b9a84_59094692 { \n\tdisplay:block; \n\ttext-align:left; } \n\n#cmsms_icon_6a058fef7b9a84_59094692 .cmsms_simple_icon { \n\tborder-width:0px; \n\twidth:60px; \n\theight:60px; \n\tfont-size:40px; \n\tline-height:60px; \n\ttext-align:left; \n\t-webkit-border-radius:50%; \n\tborder-radius:50%; } \n \n#cmsms_row_6a058fef7b9ec5_55362811 { \n\tbackground-image: url(https:\/\/www.mapierailing.it\/wp-content\/uploads\/2016\/08\/mappa_footer.jpg); \n\tbackground-position: bottom center; \n\tbackground-repeat: no-repeat; \n\tbackground-attachment: fixed; \n\tbackground-size: cover; \n} \n\n#cmsms_row_6a058fef7b9ec5_55362811 .cmsms_row_outer_parent { \n\tpadding-top: 100px; \n} \n\n#cmsms_row_6a058fef7b9ec5_55362811 .cmsms_row_outer_parent { \n\tpadding-bottom: 100px; \n} \n\n \n#cmsms_heading_6a058fef7bd96 { \n\ttext-align:left; \n\tmargin-top:0px; \n\tmargin-bottom:40px; \n} \n\n#cmsms_heading_6a058fef7bd96 .cmsms_heading { \n\ttext-align:left; \n} \n\n#cmsms_heading_6a058fef7bd96 .cmsms_heading, #cmsms_heading_6a058fef7bd96 .cmsms_heading a { \n\tfont-weight:500; \n\tfont-style:normal; \n\tcolor:#ffffff;\n} \n\n#cmsms_heading_6a058fef7bd96 .cmsms_heading_divider { \n} \n\n \n#cmsms_divider_6a058fef7be174_01111081 { \n\tborder-bottom-width:0px; \n\tborder-bottom-style:solid; \n\tpadding-top:10px; \n\tmargin-bottom:0px; \n} \n \n#cmsms_divider_6a058fef7be525_00677265 { \n\tborder-bottom-width:0px; \n\tborder-bottom-style:solid; \n\tpadding-top:10px; \n\tmargin-bottom:0px; \n} \n \n#cmsms_heading_6a058fef7bf93 { \n\ttext-align:left; \n\tmargin-top:0px; \n\tmargin-bottom:40px; \n} \n\n#cmsms_heading_6a058fef7bf93 .cmsms_heading { \n\ttext-align:left; \n} \n\n#cmsms_heading_6a058fef7bf93 .cmsms_heading, #cmsms_heading_6a058fef7bf93 .cmsms_heading a { \n\tfont-weight:500; \n\tfont-style:normal; \n\tcolor:#ffffff;\n} \n\n#cmsms_heading_6a058fef7bf93 .cmsms_heading_divider { \n} \n\n \n#cmsms_icon_box_6a058fef7bff03_05270275 { \n\tborder-width:0px; \n} \n\n#cmsms_icon_box_6a058fef7bff03_05270275:before, \n#cmsms_icon_box_6a058fef7bff03_05270275 .icon_box_heading:before { \n\tfont-size:18px; \n\tline-height:22px; \n\twidth:22px; \n\theight:22px; \n\tborder-width:0px; \n\t-webkit-border-radius:50%; \n\tborder-radius:50%; \n\tcolor:#bda87f;\n} \n\n \n#cmsms_divider_6a058fef7c04d9_69855970 { \n\tborder-bottom-width:0px; \n\tborder-bottom-style:solid; \n\tpadding-top:10px; \n\tmargin-bottom:0px; \n} \n \n#cmsms_icon_box_6a058fef7c0901_39390150 { \n\tborder-width:0px; \n} \n\n#cmsms_icon_box_6a058fef7c0901_39390150:before, \n#cmsms_icon_box_6a058fef7c0901_39390150 .icon_box_heading:before { \n\tfont-size:18px; \n\tline-height:22px; \n\twidth:22px; \n\theight:22px; \n\tborder-width:0px; \n\t-webkit-border-radius:50%; \n\tborder-radius:50%; \n\tcolor:#bda87f;\n} \n\n \n#cmsms_divider_6a058fef7c0dc1_63026530 { \n\tborder-bottom-width:0px; \n\tborder-bottom-style:solid; \n\tpadding-top:10px; \n\tmargin-bottom:0px; \n} \n \n#cmsms_icon_box_6a058fef7c11c3_53103719 { \n\tborder-width:0px; \n} \n\n#cmsms_icon_box_6a058fef7c11c3_53103719:before, \n#cmsms_icon_box_6a058fef7c11c3_53103719 .icon_box_heading:before { \n\tfont-size:18px; \n\tline-height:15px; \n\twidth:15px; \n\theight:15px; \n\tborder-width:0px; \n\t-webkit-border-radius:50%; \n\tborder-radius:50%; \n\tcolor:#bda87f;\n} \n\n<\/style><div id=\"cmsms_row_6a058fef7b0a40_20976744\" class=\"cmsms_row cmsms_color_scheme_first\">\n<div class=\"cmsms_row_outer_parent\">\n<div class=\"cmsms_row_outer\">\n<div class=\"cmsms_row_inner cmsms_row_fullwidth\">\n<div class=\"cmsms_row_margin\">\n<div class=\"cmsms_column one_half\">\n<div class=\"cmsms_img  cmsms_image_l\">\n<img src=\"https:\/\/www.mapierailing.it\/wp-content\/uploads\/2018\/04\/parapetto_leonardo_plus_profili_orizzontali_doghe_alluminio_1.jpg\" alt=\"parapetto leonardo plus profili orizzontali doghe alluminio 1\" \/>\n<\/div>\n\n<div id=\"cmsms_divider_6a058fef7b3c60_02340750\" class=\"cmsms_divider cmsms_divider_width_medium cmsms_divider_pos_center\"><\/div>\n<div class=\"cmsms_img  cmsms_image_l\">\n<img src=\"https:\/\/www.mapierailing.it\/wp-content\/uploads\/2018\/04\/parapetto_leonardo_plus_profili_orizzontali_doghe_alluminio_1_est.jpg\" alt=\"parapetto leonardo plus profili orizzontali doghe alluminio 1 est\" \/>\n<\/div>\n\n\n<div id=\"cmsms_divider_6a058fef7b5c03_13373170\" class=\"cmsms_divider cmsms_divider_width_medium cmsms_divider_pos_center\"><\/div>\n<div class=\"cmsms_img  cmsms_image_l\">\n<img src=\"https:\/\/www.mapierailing.it\/wp-content\/uploads\/2018\/04\/scheda_tecnica_parapetto_leonardo_plus_fra-e1524226375168.jpg\" alt=\"scheda tecnica parapetto leonardo plus fra\" \/>\n<\/div>\n<\/div>\n<div class=\"cmsms_column one_half\">\n<div class=\"cmsms_text\">\n<h3>Garde-corps en aluminium \u00ab\u00a0Leonardo Plus\u00a0\u00bb<\/h3>\n<p>Garde-corps en aluminium mod\u00e8le Leonardo, compos\u00e9 par montants verticaux en profil\u00e9s extrud\u00e9s en alliage d&rsquo;aluminium EN AW 6005T6.<\/p>\n<p>Profil\u00e9s de remplissage en douves en aluminium horizontaux ou verticaux.<\/p>\n<p>Kit de montage compos\u00e9 par boulons et tasseaux d\u2019ancrage\u00a0en acier inoxydable.<\/p>\n<p>Le montage peut \u00eatre r\u00e9alis\u00e9 avec fixation frontale ou fixation sur le plan horizontal.<\/p>\n<\/div>\n\n<div id=\"cmsms_divider_6a058fef7b8a06_27020259\" class=\"cmsms_divider cmsms_divider_width_medium cmsms_divider_pos_center\"><\/div>\n<div class=\"cmsms_text\">\n<h5 style=\"margin-bottom: 0px;\">T\u00e9l\u00e9charge la fiche technique<\/h5>\n<\/div>\n\n<div id=\"cmsms_icon_6a058fef7b90a9_97272955\" class=\"cmsms_icon_wrap\"><a href=\"http:\/\/www.mapierailing.it\/wp-content\/uploads\/2018\/04\/scheda_tecnica_parapetto_leonardo_plus_fra-1.pdf\" target=\"_blank\"><span class=\"cmsms_simple_icon cmsms-icon-download-1\"><\/span><\/a><\/div>\n\n<div id=\"cmsms_divider_6a058fef7b9480_08414860\" class=\"cmsms_divider cmsms_divider_width_medium cmsms_divider_pos_center\"><\/div>\n<div class=\"cmsms_text\">\n<h5 style=\"margin-bottom: 0px;\">T\u00e9l\u00e9charger le catalogue complet<\/h5>\n<\/div>\n\n<div id=\"cmsms_icon_6a058fef7b9a84_59094692\" class=\"cmsms_icon_wrap\"><a href=\"http:\/\/www.mapierailing.it\/wp-content\/uploads\/2016\/11\/catalogue-gardecorps-and-clotures-2016-mapier.pdf\" target=\"_blank\"><span class=\"cmsms_simple_icon cmsms-icon-download-1\"><\/span><\/a><\/div>\n<\/div>\n<\/div>\n<\/div>\n<\/div>\n<\/div>\n<\/div>\n<div id=\"cmsms_row_6a058fef7b9ec5_55362811\" class=\"cmsms_row cmsms_color_scheme_second\">\n<div class=\"cmsms_row_outer_parent\">\n<div class=\"cmsms_row_outer\">\n<div class=\"cmsms_row_inner\">\n<div class=\"cmsms_row_margin\">\n<div class=\"cmsms_column one_third\">\n<div class=\"cmsms_img  cmsms_image_n\">\n<img src=\"https:\/\/www.mapierailing.it\/wp-content\/uploads\/2015\/04\/m_f-1.png\" \/>\n<\/div>\n<\/div>\n<div class=\"cmsms_column one_third\">\n\n<div id=\"cmsms_heading_6a058fef7bd96\" class=\"cmsms_heading_wrap cmsms_heading_align_left\">\n\t<h4 class=\"cmsms_heading\">R\u00e9f\u00e9rences<\/h4>\n<\/div><div class=\"cmsms_text\">\n<p style=\"font-weight: 500;\">Martinelli Andrea &#8211; Commercial<br \/>\ncommerciale@mapiergroup.it<br \/>\nSkype: andrea.martinelli.mapiergroup<\/p>\n<\/div>\n\n<div id=\"cmsms_divider_6a058fef7be174_01111081\" class=\"cl\"><\/div>\n\n<div id=\"cmsms_divider_6a058fef7be525_00677265\" class=\"cl\"><\/div>\n<div class=\"cmsms_text\">\n<p style=\"font-weight: 500;\">Martinelli Marco &#8211; Technique<br \/>\ntecnico@mapiergroup.it<br \/>\nSkype: marco.martinelli.mapiergroup<\/p>\n<\/div>\n<\/div>\n<div class=\"cmsms_column one_third\">\n\n<div id=\"cmsms_heading_6a058fef7bf93\" class=\"cmsms_heading_wrap cmsms_heading_align_left\">\n\t<h4 class=\"cmsms_heading\">Contacts<\/h4>\n<\/div>\n<div id=\"cmsms_icon_box_6a058fef7bff03_05270275\" class=\"cmsms_icon_box cmsms_icon_heading_left box_icon_type_icon\">\n<div class=\"icon_box_inner\">\n<h6 class=\"icon_box_heading cmsms-icon-location-3\">Via Albert Bruce Sabin, 40 - 40017 San Giovanni in Persiceto - Bologna (BO)<\/h6>\n<div class=\"icon_box_text\">\n<p><\/p>\n<\/div>\n<\/div>\n<\/div>\n\n<div id=\"cmsms_divider_6a058fef7c04d9_69855970\" class=\"cl\"><\/div>\n\n<div id=\"cmsms_icon_box_6a058fef7c0901_39390150\" class=\"cmsms_icon_box cmsms_icon_heading_left box_icon_type_icon\">\n<div class=\"icon_box_inner\">\n<h6 class=\"icon_box_heading cmsms-icon-phone-4\">Tel. 051.821653 \u2013 Fax. 051.827952<\/h6>\n<div class=\"icon_box_text\">\n<p><\/p>\n<\/div>\n<\/div>\n<\/div>\n\n\n<div id=\"cmsms_divider_6a058fef7c0dc1_63026530\" class=\"cl\"><\/div>\n\n<div id=\"cmsms_icon_box_6a058fef7c11c3_53103719\" class=\"cmsms_icon_box cmsms_icon_heading_left box_icon_type_icon\">\n<div class=\"icon_box_inner\">\n<h6 class=\"icon_box_heading cmsms-icon-mail-3\">info@mapiergroup.it<\/h6>\n<div class=\"icon_box_text\">\n<p><\/p>\n<\/div>\n<\/div>\n<\/div>\n<\/div>\n<\/div>\n<\/div>\n<\/div>\n<\/div>\n<\/div>\n\n","protected":false},"excerpt":{"rendered":"","protected":false},"author":4,"featured_media":0,"parent":0,"menu_order":0,"comment_status":"closed","ping_status":"closed","template":"","meta":[],"yoast_head":"<!-- This site is optimized with the Yoast SEO plugin v18.9 - https:\/\/yoast.com\/wordpress\/plugins\/seo\/ -->\n<title>Garde-corps en aluminium &quot;Leonardo plus&quot; - Railing Aluminium Design - Mapier Group S.r.l.<\/title>\n<meta name=\"robots\" content=\"index, follow, max-snippet:-1, max-image-preview:large, max-video-preview:-1\" \/>\n<link rel=\"canonical\" href=\"https:\/\/www.mapierailing.it\/fr\/garde-corps-en-aluminium-leonardo-plus\/\" \/>\n<meta property=\"og:locale\" content=\"fr_FR\" \/>\n<meta property=\"og:type\" content=\"article\" \/>\n<meta property=\"og:title\" content=\"Garde-corps en aluminium &quot;Leonardo plus&quot; - Railing Aluminium Design - Mapier Group S.r.l.\" \/>\n<meta property=\"og:url\" content=\"https:\/\/www.mapierailing.it\/fr\/garde-corps-en-aluminium-leonardo-plus\/\" \/>\n<meta property=\"og:site_name\" content=\"Railing Aluminium Design - Mapier Group S.r.l.\" \/>\n<meta property=\"article:modified_time\" content=\"2026-03-10T17:29:17+00:00\" \/>\n<meta name=\"twitter:card\" content=\"summary\" \/>\n<meta name=\"twitter:label1\" content=\"Dur\u00e9e de lecture estim\u00e9e\" \/>\n\t<meta name=\"twitter:data1\" content=\"4 minutes\" \/>\n<script type=\"application\/ld+json\" class=\"yoast-schema-graph\">{\"@context\":\"https:\/\/schema.org\",\"@graph\":[{\"@type\":\"WebSite\",\"@id\":\"https:\/\/www.mapierailing.it\/#website\",\"url\":\"https:\/\/www.mapierailing.it\/\",\"name\":\"Railing Aluminium Design - Mapier Group S.r.l.\",\"description\":\"Parapetti e recinzioni\",\"potentialAction\":[{\"@type\":\"SearchAction\",\"target\":{\"@type\":\"EntryPoint\",\"urlTemplate\":\"https:\/\/www.mapierailing.it\/?s={search_term_string}\"},\"query-input\":\"required name=search_term_string\"}],\"inLanguage\":\"fr-FR\"},{\"@type\":\"WebPage\",\"@id\":\"https:\/\/www.mapierailing.it\/fr\/garde-corps-en-aluminium-leonardo-plus\/#webpage\",\"url\":\"https:\/\/www.mapierailing.it\/fr\/garde-corps-en-aluminium-leonardo-plus\/\",\"name\":\"Garde-corps en aluminium \\\"Leonardo plus\\\" - Railing Aluminium Design - Mapier Group S.r.l.\",\"isPartOf\":{\"@id\":\"https:\/\/www.mapierailing.it\/#website\"},\"datePublished\":\"2018-04-19T17:40:30+00:00\",\"dateModified\":\"2026-03-10T17:29:17+00:00\",\"breadcrumb\":{\"@id\":\"https:\/\/www.mapierailing.it\/fr\/garde-corps-en-aluminium-leonardo-plus\/#breadcrumb\"},\"inLanguage\":\"fr-FR\",\"potentialAction\":[{\"@type\":\"ReadAction\",\"target\":[\"https:\/\/www.mapierailing.it\/fr\/garde-corps-en-aluminium-leonardo-plus\/\"]}]},{\"@type\":\"BreadcrumbList\",\"@id\":\"https:\/\/www.mapierailing.it\/fr\/garde-corps-en-aluminium-leonardo-plus\/#breadcrumb\",\"itemListElement\":[{\"@type\":\"ListItem\",\"position\":1,\"name\":\"Home\",\"item\":\"https:\/\/www.mapierailing.it\/fr\/\"},{\"@type\":\"ListItem\",\"position\":2,\"name\":\"Garde-corps en aluminium \u00ab\u00a0Leonardo plus\u00a0\u00bb\"}]}]}<\/script>\n<!-- \/ Yoast SEO plugin. -->","yoast_head_json":{"title":"Garde-corps en aluminium \"Leonardo plus\" - Railing Aluminium Design - Mapier Group S.r.l.","robots":{"index":"index","follow":"follow","max-snippet":"max-snippet:-1","max-image-preview":"max-image-preview:large","max-video-preview":"max-video-preview:-1"},"canonical":"https:\/\/www.mapierailing.it\/fr\/garde-corps-en-aluminium-leonardo-plus\/","og_locale":"fr_FR","og_type":"article","og_title":"Garde-corps en aluminium \"Leonardo plus\" - Railing Aluminium Design - Mapier Group S.r.l.","og_url":"https:\/\/www.mapierailing.it\/fr\/garde-corps-en-aluminium-leonardo-plus\/","og_site_name":"Railing Aluminium Design - Mapier Group S.r.l.","article_modified_time":"2026-03-10T17:29:17+00:00","twitter_card":"summary","twitter_misc":{"Dur\u00e9e de lecture estim\u00e9e":"4 minutes"},"schema":{"@context":"https:\/\/schema.org","@graph":[{"@type":"WebSite","@id":"https:\/\/www.mapierailing.it\/#website","url":"https:\/\/www.mapierailing.it\/","name":"Railing Aluminium Design - Mapier Group S.r.l.","description":"Parapetti e recinzioni","potentialAction":[{"@type":"SearchAction","target":{"@type":"EntryPoint","urlTemplate":"https:\/\/www.mapierailing.it\/?s={search_term_string}"},"query-input":"required name=search_term_string"}],"inLanguage":"fr-FR"},{"@type":"WebPage","@id":"https:\/\/www.mapierailing.it\/fr\/garde-corps-en-aluminium-leonardo-plus\/#webpage","url":"https:\/\/www.mapierailing.it\/fr\/garde-corps-en-aluminium-leonardo-plus\/","name":"Garde-corps en aluminium \"Leonardo plus\" - Railing Aluminium Design - Mapier Group S.r.l.","isPartOf":{"@id":"https:\/\/www.mapierailing.it\/#website"},"datePublished":"2018-04-19T17:40:30+00:00","dateModified":"2026-03-10T17:29:17+00:00","breadcrumb":{"@id":"https:\/\/www.mapierailing.it\/fr\/garde-corps-en-aluminium-leonardo-plus\/#breadcrumb"},"inLanguage":"fr-FR","potentialAction":[{"@type":"ReadAction","target":["https:\/\/www.mapierailing.it\/fr\/garde-corps-en-aluminium-leonardo-plus\/"]}]},{"@type":"BreadcrumbList","@id":"https:\/\/www.mapierailing.it\/fr\/garde-corps-en-aluminium-leonardo-plus\/#breadcrumb","itemListElement":[{"@type":"ListItem","position":1,"name":"Home","item":"https:\/\/www.mapierailing.it\/fr\/"},{"@type":"ListItem","position":2,"name":"Garde-corps en aluminium \u00ab\u00a0Leonardo plus\u00a0\u00bb"}]}]}},"_links":{"self":[{"href":"https:\/\/www.mapierailing.it\/fr\/wp-json\/wp\/v2\/pages\/11374"}],"collection":[{"href":"https:\/\/www.mapierailing.it\/fr\/wp-json\/wp\/v2\/pages"}],"about":[{"href":"https:\/\/www.mapierailing.it\/fr\/wp-json\/wp\/v2\/types\/page"}],"author":[{"embeddable":true,"href":"https:\/\/www.mapierailing.it\/fr\/wp-json\/wp\/v2\/users\/4"}],"replies":[{"embeddable":true,"href":"https:\/\/www.mapierailing.it\/fr\/wp-json\/wp\/v2\/comments?post=11374"}],"version-history":[{"count":7,"href":"https:\/\/www.mapierailing.it\/fr\/wp-json\/wp\/v2\/pages\/11374\/revisions"}],"predecessor-version":[{"id":12233,"href":"https:\/\/www.mapierailing.it\/fr\/wp-json\/wp\/v2\/pages\/11374\/revisions\/12233"}],"wp:attachment":[{"href":"https:\/\/www.mapierailing.it\/fr\/wp-json\/wp\/v2\/media?parent=11374"}],"curies":[{"name":"wp","href":"https:\/\/api.w.org\/{rel}","templated":true}]}}