{"id":10129,"date":"2016-09-12T15:43:04","date_gmt":"2016-09-12T15:43:04","guid":{"rendered":"http:\/\/www.mapierailing.it\/fr\/?page_id=10129"},"modified":"2026-03-10T17:46:46","modified_gmt":"2026-03-10T17:46:46","slug":"variantes-pour-garde-corps","status":"publish","type":"page","link":"https:\/\/www.mapierailing.it\/fr\/variantes-pour-garde-corps\/","title":{"rendered":"Variantes pour garde-corps"},"content":{"rendered":"<style type=\"text\/css\"> \n#cmsms_row_6a058e51db09a6_45411029 .cmsms_row_outer_parent { \n\tpadding-top: 90px; \n} \n\n#cmsms_row_6a058e51db09a6_45411029 .cmsms_row_outer_parent { \n\tpadding-bottom: 60px; \n} \n\n#cmsms_row_6a058e51db09a6_45411029 .cmsms_row_inner.cmsms_row_fullwidth { \n\tpadding-left:5%; \n} \n#cmsms_row_6a058e51db09a6_45411029 .cmsms_row_inner.cmsms_row_fullwidth { \n\tpadding-right:5%; \n} \n \n#cmsms_row_6a058e51db16b7_09627937 .cmsms_row_outer_parent { \n\tpadding-top: 0px; \n} \n\n#cmsms_row_6a058e51db16b7_09627937 .cmsms_row_outer_parent { \n\tpadding-bottom: 50px; \n} \n\n#cmsms_row_6a058e51db16b7_09627937 .cmsms_row_inner.cmsms_row_fullwidth { \n\tpadding-left:5%; \n} \n#cmsms_row_6a058e51db16b7_09627937 .cmsms_row_inner.cmsms_row_fullwidth { \n\tpadding-right:5%; \n} \n \n#cmsms_row_6a058e51db4aa1_32450362 .cmsms_row_outer_parent { \n\tpadding-top: 0px; \n} \n\n#cmsms_row_6a058e51db4aa1_32450362 .cmsms_row_outer_parent { \n\tpadding-bottom: 50px; \n} \n\n#cmsms_row_6a058e51db4aa1_32450362 .cmsms_row_inner.cmsms_row_fullwidth { \n\tpadding-left:5%; \n} \n#cmsms_row_6a058e51db4aa1_32450362 .cmsms_row_inner.cmsms_row_fullwidth { \n\tpadding-right:5%; \n} \n \n#cmsms_row_6a058e51db7683_41181668 .cmsms_row_outer_parent { \n\tpadding-top: 0px; \n} \n\n#cmsms_row_6a058e51db7683_41181668 .cmsms_row_outer_parent { \n\tpadding-bottom: 50px; \n} \n\n#cmsms_row_6a058e51db7683_41181668 .cmsms_row_inner.cmsms_row_fullwidth { \n\tpadding-left:5%; \n} \n#cmsms_row_6a058e51db7683_41181668 .cmsms_row_inner.cmsms_row_fullwidth { \n\tpadding-right:5%; \n} \n \n#cmsms_row_6a058e51dba060_64371972 .cmsms_row_outer_parent { \n\tpadding-top: 0px; \n} \n\n#cmsms_row_6a058e51dba060_64371972 .cmsms_row_outer_parent { \n\tpadding-bottom: 50px; \n} \n\n#cmsms_row_6a058e51dba060_64371972 .cmsms_row_inner.cmsms_row_fullwidth { \n\tpadding-left:5%; \n} \n#cmsms_row_6a058e51dba060_64371972 .cmsms_row_inner.cmsms_row_fullwidth { \n\tpadding-right:5%; \n} \n \n#cmsms_row_6a058e51dbcb74_40279223 .cmsms_row_outer_parent { \n\tpadding-top: 0px; \n} \n\n#cmsms_row_6a058e51dbcb74_40279223 .cmsms_row_outer_parent { \n\tpadding-bottom: 50px; \n} \n\n#cmsms_row_6a058e51dbcb74_40279223 .cmsms_row_inner.cmsms_row_fullwidth { \n\tpadding-left:5%; \n} \n#cmsms_row_6a058e51dbcb74_40279223 .cmsms_row_inner.cmsms_row_fullwidth { \n\tpadding-right:5%; \n} \n \n#cmsms_row_6a058e51dbf4c1_00456566 .cmsms_row_outer_parent { \n\tpadding-top: 0px; \n} \n\n#cmsms_row_6a058e51dbf4c1_00456566 .cmsms_row_outer_parent { \n\tpadding-bottom: 50px; \n} \n\n#cmsms_row_6a058e51dbf4c1_00456566 .cmsms_row_inner.cmsms_row_fullwidth { \n\tpadding-left:5%; \n} \n#cmsms_row_6a058e51dbf4c1_00456566 .cmsms_row_inner.cmsms_row_fullwidth { \n\tpadding-right:5%; \n} \n \n#cmsms_row_6a058e51dc1ea6_89487611 .cmsms_row_outer_parent { \n\tpadding-top: 0px; \n} \n\n#cmsms_row_6a058e51dc1ea6_89487611 .cmsms_row_outer_parent { \n\tpadding-bottom: 130px; \n} \n\n#cmsms_row_6a058e51dc1ea6_89487611 .cmsms_row_inner.cmsms_row_fullwidth { \n\tpadding-left:5%; \n} \n#cmsms_row_6a058e51dc1ea6_89487611 .cmsms_row_inner.cmsms_row_fullwidth { \n\tpadding-right:5%; \n} \n \n#cmsms_row_6a058e51dc4a10_81679571 { \n\tbackground-image: url(https:\/\/www.mapierailing.it\/wp-content\/uploads\/2016\/08\/mappa_footer.jpg); \n\tbackground-position: bottom center; \n\tbackground-repeat: no-repeat; \n\tbackground-attachment: fixed; \n\tbackground-size: cover; \n} \n\n#cmsms_row_6a058e51dc4a10_81679571 .cmsms_row_outer_parent { \n\tpadding-top: 100px; \n} \n\n#cmsms_row_6a058e51dc4a10_81679571 .cmsms_row_outer_parent { \n\tpadding-bottom: 100px; \n} \n\n \n#cmsms_heading_6a058e51dc81f { \n\ttext-align:left; \n\tmargin-top:0px; \n\tmargin-bottom:40px; \n} \n\n#cmsms_heading_6a058e51dc81f .cmsms_heading { \n\ttext-align:left; \n} \n\n#cmsms_heading_6a058e51dc81f .cmsms_heading, #cmsms_heading_6a058e51dc81f .cmsms_heading a { \n\tfont-weight:500; \n\tfont-style:normal; \n\tcolor:#ffffff;\n} \n\n#cmsms_heading_6a058e51dc81f .cmsms_heading_divider { \n} \n\n \n#cmsms_divider_6a058e51dc8a28_76361266 { \n\tborder-bottom-width:0px; \n\tborder-bottom-style:solid; \n\tpadding-top:10px; \n\tmargin-bottom:0px; \n} \n \n#cmsms_divider_6a058e51dc8de4_27847012 { \n\tborder-bottom-width:0px; \n\tborder-bottom-style:solid; \n\tpadding-top:10px; \n\tmargin-bottom:0px; \n} \n \n#cmsms_heading_6a058e51dca0b { \n\ttext-align:left; \n\tmargin-top:0px; \n\tmargin-bottom:40px; \n} \n\n#cmsms_heading_6a058e51dca0b .cmsms_heading { \n\ttext-align:left; \n} \n\n#cmsms_heading_6a058e51dca0b .cmsms_heading, #cmsms_heading_6a058e51dca0b .cmsms_heading a { \n\tfont-weight:500; \n\tfont-style:normal; \n\tcolor:#ffffff;\n} \n\n#cmsms_heading_6a058e51dca0b .cmsms_heading_divider { \n} \n\n \n#cmsms_icon_box_6a058e51dca647_42407604 { \n\tborder-width:0px; \n} \n\n#cmsms_icon_box_6a058e51dca647_42407604:before, \n#cmsms_icon_box_6a058e51dca647_42407604 .icon_box_heading:before { \n\tfont-size:18px; \n\tline-height:22px; \n\twidth:22px; \n\theight:22px; \n\tborder-width:0px; \n\t-webkit-border-radius:50%; \n\tborder-radius:50%; \n\tcolor:#bda87f;\n} \n\n \n#cmsms_divider_6a058e51dcac45_96657347 { \n\tborder-bottom-width:0px; \n\tborder-bottom-style:solid; \n\tpadding-top:10px; \n\tmargin-bottom:0px; \n} \n \n#cmsms_icon_box_6a058e51dcb073_83852143 { \n\tborder-width:0px; \n} \n\n#cmsms_icon_box_6a058e51dcb073_83852143:before, \n#cmsms_icon_box_6a058e51dcb073_83852143 .icon_box_heading:before { \n\tfont-size:18px; \n\tline-height:22px; \n\twidth:22px; \n\theight:22px; \n\tborder-width:0px; \n\t-webkit-border-radius:50%; \n\tborder-radius:50%; \n\tcolor:#bda87f;\n} \n\n \n#cmsms_divider_6a058e51dcb542_93264846 { \n\tborder-bottom-width:0px; \n\tborder-bottom-style:solid; \n\tpadding-top:10px; \n\tmargin-bottom:0px; \n} \n \n#cmsms_icon_box_6a058e51dcb948_65132076 { \n\tborder-width:0px; \n} \n\n#cmsms_icon_box_6a058e51dcb948_65132076:before, \n#cmsms_icon_box_6a058e51dcb948_65132076 .icon_box_heading:before { \n\tfont-size:18px; \n\tline-height:15px; \n\twidth:15px; \n\theight:15px; \n\tborder-width:0px; \n\t-webkit-border-radius:50%; \n\tborder-radius:50%; \n\tcolor:#bda87f;\n} \n\n<\/style><div id=\"cmsms_row_6a058e51db09a6_45411029\" class=\"cmsms_row cmsms_color_scheme_first\">\n<div class=\"cmsms_row_outer_parent\">\n<div class=\"cmsms_row_outer\">\n<div class=\"cmsms_row_inner cmsms_row_fullwidth\">\n<div class=\"cmsms_row_margin\">\n<div class=\"cmsms_column one_first\">\n<div class=\"cmsms_text\">\n<h3>Variantes pour garde-corps<\/h3>\n<p>Quelques exemples en diff\u00e9rents solutions, finitions et couleurs, applicable sur diff\u00e9rents mod\u00e8les.<\/p>\n<\/div>\n<\/div>\n<\/div>\n<\/div>\n<\/div>\n<\/div>\n<\/div>\n<div id=\"cmsms_row_6a058e51db16b7_09627937\" class=\"cmsms_row cmsms_color_scheme_first\">\n<div class=\"cmsms_row_outer_parent\">\n<div class=\"cmsms_row_outer\">\n<div class=\"cmsms_row_inner cmsms_row_fullwidth\">\n<div class=\"cmsms_row_margin\">\n<div class=\"cmsms_column one_half\">\n<div class=\"cmsms_img  cmsms_image_l\">\n<a href=\"http:\/\/www.mapierailing.it\/wp-content\/uploads\/2016\/09\/parapetto_alluminio_doghe_orizzontali_leonardo.jpg\" rel=\"ilightbox\"><img src=\"https:\/\/www.mapierailing.it\/wp-content\/uploads\/2016\/09\/parapetto_alluminio_doghe_orizzontali_leonardo.jpg\" alt=\"parapetto alluminio doghe orizzontali leonardo\" \/><\/a>\n<\/div>\n<\/div>\n<div class=\"cmsms_column one_half\">\n<div class=\"cmsms_text\">\n<p><strong>GARDE-CORPS LEONARDO REV\u00caT\u00c9 EN POUDRE, COULEUR GRIS<\/strong><\/p>\n<\/div>\n<\/div>\n<\/div>\n<\/div>\n<\/div>\n<\/div>\n<\/div>\n<div id=\"cmsms_row_6a058e51db4aa1_32450362\" class=\"cmsms_row cmsms_color_scheme_first\">\n<div class=\"cmsms_row_outer_parent\">\n<div class=\"cmsms_row_outer\">\n<div class=\"cmsms_row_inner cmsms_row_fullwidth\">\n<div class=\"cmsms_row_margin\">\n<div class=\"cmsms_column one_half\">\n<div class=\"cmsms_img  cmsms_image_l\">\n<a href=\"http:\/\/www.mapierailing.it\/wp-content\/uploads\/2016\/09\/parapetto_alluminio_profili_orizzontali_muretto_donatello.jpg\" rel=\"ilightbox\"><img src=\"https:\/\/www.mapierailing.it\/wp-content\/uploads\/2016\/09\/parapetto_alluminio_profili_orizzontali_muretto_donatello.jpg\" alt=\"parapetto alluminio profili orizzontali muretto donatello\" \/><\/a>\n<\/div>\n<\/div>\n<div class=\"cmsms_column one_half\">\n<div class=\"cmsms_text\">\n<p><strong>GARDE-CORPS DONATELLO INSTALL\u00c9 SUR PETIT MUR<\/strong><\/p>\n<\/div>\n<\/div>\n<\/div>\n<\/div>\n<\/div>\n<\/div>\n<\/div>\n<div id=\"cmsms_row_6a058e51db7683_41181668\" class=\"cmsms_row cmsms_color_scheme_first\">\n<div class=\"cmsms_row_outer_parent\">\n<div class=\"cmsms_row_outer\">\n<div class=\"cmsms_row_inner cmsms_row_fullwidth\">\n<div class=\"cmsms_row_margin\">\n<div class=\"cmsms_column one_half\">\n<div class=\"cmsms_img  cmsms_image_l\">\n<a href=\"http:\/\/www.mapierailing.it\/wp-content\/uploads\/2016\/09\/parapetto_alluminio_profili_verticali_inclinati_bernini.jpg\" rel=\"ilightbox\"><img src=\"https:\/\/www.mapierailing.it\/wp-content\/uploads\/2016\/09\/parapetto_alluminio_profili_verticali_inclinati_bernini.jpg\" alt=\"parapetto alluminio profili verticali inclinati bernini\" \/><\/a>\n<\/div>\n<\/div>\n<div class=\"cmsms_column one_half\">\n<div class=\"cmsms_text\">\n<p><strong>GARDE-CORPS BERNINI AVEC PROFILS VERTICAUX INCLIN\u00c9S<\/strong><\/p>\n<\/div>\n<\/div>\n<\/div>\n<\/div>\n<\/div>\n<\/div>\n<\/div>\n<div id=\"cmsms_row_6a058e51dba060_64371972\" class=\"cmsms_row cmsms_color_scheme_first\">\n<div class=\"cmsms_row_outer_parent\">\n<div class=\"cmsms_row_outer\">\n<div class=\"cmsms_row_inner cmsms_row_fullwidth\">\n<div class=\"cmsms_row_margin\">\n<div class=\"cmsms_column one_half\">\n<div class=\"cmsms_img  cmsms_image_l\">\n<a href=\"http:\/\/www.mapierailing.it\/wp-content\/uploads\/2016\/09\/parapetto_alluminio_profili_verticali_vetro_fum\u00e8_bernini_raffaello.jpg\" rel=\"ilightbox\"><img src=\"https:\/\/www.mapierailing.it\/wp-content\/uploads\/2016\/09\/parapetto_alluminio_profili_verticali_vetro_fum\u00e8_bernini_raffaello.jpg\" alt=\"parapetto alluminio profili verticali vetro fume bernini raffaello\" \/><\/a>\n<\/div>\n<\/div>\n<div class=\"cmsms_column one_half\">\n<div class=\"cmsms_text\">\n<p><strong>GARDE-CORPS BERNINI AVEC PARTIE CENTRALE EN VERRE FUM\u00c9<\/strong><\/p>\n<\/div>\n<\/div>\n<\/div>\n<\/div>\n<\/div>\n<\/div>\n<\/div>\n<div id=\"cmsms_row_6a058e51dbcb74_40279223\" class=\"cmsms_row cmsms_color_scheme_first\">\n<div class=\"cmsms_row_outer_parent\">\n<div class=\"cmsms_row_outer\">\n<div class=\"cmsms_row_inner cmsms_row_fullwidth\">\n<div class=\"cmsms_row_margin\">\n<div class=\"cmsms_column one_half\">\n<div class=\"cmsms_img  cmsms_image_l\">\n<a href=\"http:\/\/www.mapierailing.it\/wp-content\/uploads\/2016\/09\/parapetto_alluminio_profili_vetro_fum\u00e8_michelangelo.jpg\" rel=\"ilightbox\"><img src=\"https:\/\/www.mapierailing.it\/wp-content\/uploads\/2016\/09\/parapetto_alluminio_profili_vetro_fum\u00e8_michelangelo.jpg\" \/><\/a>\n<\/div>\n<\/div>\n<div class=\"cmsms_column one_half\">\n<div class=\"cmsms_text\">\n<p><strong>GARDE-CORPS MICHELANGELO AVEC VERRE FUM\u00c9<\/strong><\/p>\n<\/div>\n<\/div>\n<\/div>\n<\/div>\n<\/div>\n<\/div>\n<\/div>\n<div id=\"cmsms_row_6a058e51dbf4c1_00456566\" class=\"cmsms_row cmsms_color_scheme_first\">\n<div class=\"cmsms_row_outer_parent\">\n<div class=\"cmsms_row_outer\">\n<div class=\"cmsms_row_inner cmsms_row_fullwidth\">\n<div class=\"cmsms_row_margin\">\n<div class=\"cmsms_column one_half\">\n<div class=\"cmsms_img  cmsms_image_l\">\n<a href=\"http:\/\/www.mapierailing.it\/wp-content\/uploads\/2016\/09\/parapetto_alluminio_vetro_azzurro_raffaello.jpg\" rel=\"ilightbox\"><img src=\"https:\/\/www.mapierailing.it\/wp-content\/uploads\/2016\/09\/parapetto_alluminio_vetro_azzurro_raffaello.jpg\" alt=\"parapetto alluminio vetro azzurro raffaello\" \/><\/a>\n<\/div>\n<\/div>\n<div class=\"cmsms_column one_half\">\n<div class=\"cmsms_text\">\n<p><strong>GARDE-CORPS RAFFAELLO AVEC VERRE BLEU<\/strong><\/p>\n<\/div>\n<\/div>\n<\/div>\n<\/div>\n<\/div>\n<\/div>\n<\/div>\n<div id=\"cmsms_row_6a058e51dc1ea6_89487611\" class=\"cmsms_row cmsms_color_scheme_first\">\n<div class=\"cmsms_row_outer_parent\">\n<div class=\"cmsms_row_outer\">\n<div class=\"cmsms_row_inner cmsms_row_fullwidth\">\n<div class=\"cmsms_row_margin\">\n<div class=\"cmsms_column one_half\">\n<div class=\"cmsms_img  cmsms_image_l\">\n<a href=\"http:\/\/www.mapierailing.it\/wp-content\/uploads\/2016\/09\/parapetto_alluminio_vetro_fum\u00e8_giotto.jpg\" rel=\"ilightbox\"><img src=\"https:\/\/www.mapierailing.it\/wp-content\/uploads\/2016\/09\/parapetto_alluminio_vetro_fum\u00e8_giotto.jpg\" alt=\"parapetto alluminio vetro fume giotto\" \/><\/a>\n<\/div>\n<\/div>\n<div class=\"cmsms_column one_half\">\n<div class=\"cmsms_text\">\n<p><strong>GARDE-CORPS GIOTTO AVEC VERRE FUM\u00c9<\/strong><\/p>\n<\/div>\n<\/div>\n<\/div>\n<\/div>\n<\/div>\n<\/div>\n<\/div>\n<div id=\"cmsms_row_6a058e51dc4a10_81679571\" class=\"cmsms_row cmsms_color_scheme_second\">\n<div class=\"cmsms_row_outer_parent\">\n<div class=\"cmsms_row_outer\">\n<div class=\"cmsms_row_inner\">\n<div class=\"cmsms_row_margin\">\n<div class=\"cmsms_column one_third\">\n<div class=\"cmsms_img  cmsms_image_l\">\n<img src=\"https:\/\/www.mapierailing.it\/wp-content\/uploads\/2015\/04\/m_f-1.png\" \/>\n<\/div>\n<\/div>\n<div class=\"cmsms_column one_third\">\n\n<div id=\"cmsms_heading_6a058e51dc81f\" class=\"cmsms_heading_wrap cmsms_heading_align_left\">\n\t<h4 class=\"cmsms_heading\">R\u00e9f\u00e9rences<\/h4>\n<\/div><div class=\"cmsms_text\">\n<p style=\"font-weight: 500;\">Martinelli Andrea &#8211; Commercial<br \/>\ncommerciale@mapiergroup.it<br \/>\nSkype: andrea.martinelli.mapiergroup<\/p>\n<\/div>\n\n<div id=\"cmsms_divider_6a058e51dc8a28_76361266\" class=\"cl\"><\/div>\n\n<div id=\"cmsms_divider_6a058e51dc8de4_27847012\" class=\"cl\"><\/div>\n<div class=\"cmsms_text\">\n<p style=\"font-weight: 500;\">Martinelli Marco &#8211; Technique<br \/>\ntecnico@mapiergroup.it<br \/>\nSkype: marco.martinelli.mapiergroup<\/p>\n<\/div>\n<\/div>\n<div class=\"cmsms_column one_third\">\n\n<div id=\"cmsms_heading_6a058e51dca0b\" class=\"cmsms_heading_wrap cmsms_heading_align_left\">\n\t<h4 class=\"cmsms_heading\">Contacts<\/h4>\n<\/div>\n<div id=\"cmsms_icon_box_6a058e51dca647_42407604\" class=\"cmsms_icon_box cmsms_icon_heading_left box_icon_type_icon\">\n<div class=\"icon_box_inner\">\n<h6 class=\"icon_box_heading cmsms-icon-location-3\">Via Albert Bruce Sabin, 40 - 40017 San Giovanni in Persiceto - Bologna (BO)<\/h6>\n<div class=\"icon_box_text\">\n<p><\/p>\n<\/div>\n<\/div>\n<\/div>\n\n<div id=\"cmsms_divider_6a058e51dcac45_96657347\" class=\"cl\"><\/div>\n\n<div id=\"cmsms_icon_box_6a058e51dcb073_83852143\" class=\"cmsms_icon_box cmsms_icon_heading_left box_icon_type_icon\">\n<div class=\"icon_box_inner\">\n<h6 class=\"icon_box_heading cmsms-icon-phone-4\">Tel. 051.821653 \u2013 Fax. 051.827952<\/h6>\n<div class=\"icon_box_text\">\n<p><\/p>\n<\/div>\n<\/div>\n<\/div>\n\n\n<div id=\"cmsms_divider_6a058e51dcb542_93264846\" class=\"cl\"><\/div>\n\n<div id=\"cmsms_icon_box_6a058e51dcb948_65132076\" class=\"cmsms_icon_box cmsms_icon_heading_left box_icon_type_icon\">\n<div class=\"icon_box_inner\">\n<h6 class=\"icon_box_heading cmsms-icon-mail-3\">info@mapiergroup.it<\/h6>\n<div class=\"icon_box_text\">\n<p><\/p>\n<\/div>\n<\/div>\n<\/div>\n<\/div>\n<\/div>\n<\/div>\n<\/div>\n<\/div>\n<\/div>\n\n","protected":false},"excerpt":{"rendered":"","protected":false},"author":4,"featured_media":0,"parent":0,"menu_order":0,"comment_status":"closed","ping_status":"closed","template":"","meta":[],"yoast_head":"<!-- This site is optimized with the Yoast SEO plugin v18.9 - https:\/\/yoast.com\/wordpress\/plugins\/seo\/ -->\n<title>Variantes pour garde-corps - Railing Aluminium Design - Mapier Group S.r.l.<\/title>\n<meta name=\"robots\" content=\"index, follow, max-snippet:-1, max-image-preview:large, max-video-preview:-1\" \/>\n<link rel=\"canonical\" href=\"https:\/\/www.mapierailing.it\/fr\/variantes-pour-garde-corps\/\" \/>\n<meta property=\"og:locale\" content=\"fr_FR\" \/>\n<meta property=\"og:type\" content=\"article\" \/>\n<meta property=\"og:title\" content=\"Variantes pour garde-corps - Railing Aluminium Design - Mapier Group S.r.l.\" \/>\n<meta property=\"og:url\" content=\"https:\/\/www.mapierailing.it\/fr\/variantes-pour-garde-corps\/\" \/>\n<meta property=\"og:site_name\" content=\"Railing Aluminium Design - Mapier Group S.r.l.\" \/>\n<meta property=\"article:modified_time\" content=\"2026-03-10T17:46:46+00:00\" \/>\n<meta name=\"twitter:card\" content=\"summary\" \/>\n<meta name=\"twitter:label1\" content=\"Dur\u00e9e de lecture estim\u00e9e\" \/>\n\t<meta name=\"twitter:data1\" content=\"2 minutes\" \/>\n<script type=\"application\/ld+json\" class=\"yoast-schema-graph\">{\"@context\":\"https:\/\/schema.org\",\"@graph\":[{\"@type\":\"WebSite\",\"@id\":\"https:\/\/www.mapierailing.it\/#website\",\"url\":\"https:\/\/www.mapierailing.it\/\",\"name\":\"Railing Aluminium Design - Mapier Group S.r.l.\",\"description\":\"Parapetti e recinzioni\",\"potentialAction\":[{\"@type\":\"SearchAction\",\"target\":{\"@type\":\"EntryPoint\",\"urlTemplate\":\"https:\/\/www.mapierailing.it\/?s={search_term_string}\"},\"query-input\":\"required name=search_term_string\"}],\"inLanguage\":\"fr-FR\"},{\"@type\":\"WebPage\",\"@id\":\"https:\/\/www.mapierailing.it\/fr\/variantes-pour-garde-corps\/#webpage\",\"url\":\"https:\/\/www.mapierailing.it\/fr\/variantes-pour-garde-corps\/\",\"name\":\"Variantes pour garde-corps - Railing Aluminium Design - Mapier Group S.r.l.\",\"isPartOf\":{\"@id\":\"https:\/\/www.mapierailing.it\/#website\"},\"datePublished\":\"2016-09-12T15:43:04+00:00\",\"dateModified\":\"2026-03-10T17:46:46+00:00\",\"breadcrumb\":{\"@id\":\"https:\/\/www.mapierailing.it\/fr\/variantes-pour-garde-corps\/#breadcrumb\"},\"inLanguage\":\"fr-FR\",\"potentialAction\":[{\"@type\":\"ReadAction\",\"target\":[\"https:\/\/www.mapierailing.it\/fr\/variantes-pour-garde-corps\/\"]}]},{\"@type\":\"BreadcrumbList\",\"@id\":\"https:\/\/www.mapierailing.it\/fr\/variantes-pour-garde-corps\/#breadcrumb\",\"itemListElement\":[{\"@type\":\"ListItem\",\"position\":1,\"name\":\"Home\",\"item\":\"https:\/\/www.mapierailing.it\/fr\/\"},{\"@type\":\"ListItem\",\"position\":2,\"name\":\"Variantes pour garde-corps\"}]}]}<\/script>\n<!-- \/ Yoast SEO plugin. -->","yoast_head_json":{"title":"Variantes pour garde-corps - Railing Aluminium Design - Mapier Group S.r.l.","robots":{"index":"index","follow":"follow","max-snippet":"max-snippet:-1","max-image-preview":"max-image-preview:large","max-video-preview":"max-video-preview:-1"},"canonical":"https:\/\/www.mapierailing.it\/fr\/variantes-pour-garde-corps\/","og_locale":"fr_FR","og_type":"article","og_title":"Variantes pour garde-corps - Railing Aluminium Design - Mapier Group S.r.l.","og_url":"https:\/\/www.mapierailing.it\/fr\/variantes-pour-garde-corps\/","og_site_name":"Railing Aluminium Design - Mapier Group S.r.l.","article_modified_time":"2026-03-10T17:46:46+00:00","twitter_card":"summary","twitter_misc":{"Dur\u00e9e de lecture estim\u00e9e":"2 minutes"},"schema":{"@context":"https:\/\/schema.org","@graph":[{"@type":"WebSite","@id":"https:\/\/www.mapierailing.it\/#website","url":"https:\/\/www.mapierailing.it\/","name":"Railing Aluminium Design - Mapier Group S.r.l.","description":"Parapetti e recinzioni","potentialAction":[{"@type":"SearchAction","target":{"@type":"EntryPoint","urlTemplate":"https:\/\/www.mapierailing.it\/?s={search_term_string}"},"query-input":"required name=search_term_string"}],"inLanguage":"fr-FR"},{"@type":"WebPage","@id":"https:\/\/www.mapierailing.it\/fr\/variantes-pour-garde-corps\/#webpage","url":"https:\/\/www.mapierailing.it\/fr\/variantes-pour-garde-corps\/","name":"Variantes pour garde-corps - Railing Aluminium Design - Mapier Group S.r.l.","isPartOf":{"@id":"https:\/\/www.mapierailing.it\/#website"},"datePublished":"2016-09-12T15:43:04+00:00","dateModified":"2026-03-10T17:46:46+00:00","breadcrumb":{"@id":"https:\/\/www.mapierailing.it\/fr\/variantes-pour-garde-corps\/#breadcrumb"},"inLanguage":"fr-FR","potentialAction":[{"@type":"ReadAction","target":["https:\/\/www.mapierailing.it\/fr\/variantes-pour-garde-corps\/"]}]},{"@type":"BreadcrumbList","@id":"https:\/\/www.mapierailing.it\/fr\/variantes-pour-garde-corps\/#breadcrumb","itemListElement":[{"@type":"ListItem","position":1,"name":"Home","item":"https:\/\/www.mapierailing.it\/fr\/"},{"@type":"ListItem","position":2,"name":"Variantes pour garde-corps"}]}]}},"_links":{"self":[{"href":"https:\/\/www.mapierailing.it\/fr\/wp-json\/wp\/v2\/pages\/10129"}],"collection":[{"href":"https:\/\/www.mapierailing.it\/fr\/wp-json\/wp\/v2\/pages"}],"about":[{"href":"https:\/\/www.mapierailing.it\/fr\/wp-json\/wp\/v2\/types\/page"}],"author":[{"embeddable":true,"href":"https:\/\/www.mapierailing.it\/fr\/wp-json\/wp\/v2\/users\/4"}],"replies":[{"embeddable":true,"href":"https:\/\/www.mapierailing.it\/fr\/wp-json\/wp\/v2\/comments?post=10129"}],"version-history":[{"count":4,"href":"https:\/\/www.mapierailing.it\/fr\/wp-json\/wp\/v2\/pages\/10129\/revisions"}],"predecessor-version":[{"id":12253,"href":"https:\/\/www.mapierailing.it\/fr\/wp-json\/wp\/v2\/pages\/10129\/revisions\/12253"}],"wp:attachment":[{"href":"https:\/\/www.mapierailing.it\/fr\/wp-json\/wp\/v2\/media?parent=10129"}],"curies":[{"name":"wp","href":"https:\/\/api.w.org\/{rel}","templated":true}]}}