{"id":10071,"date":"2016-06-11T11:04:39","date_gmt":"2016-06-11T11:04:39","guid":{"rendered":"http:\/\/www.mapierailing.it\/fr\/?page_id=10071"},"modified":"2026-03-10T17:42:21","modified_gmt":"2026-03-10T17:42:21","slug":"types-de-verre","status":"publish","type":"page","link":"https:\/\/www.mapierailing.it\/fr\/types-de-verre\/","title":{"rendered":"Types de verre"},"content":{"rendered":"<style type=\"text\/css\"> \n#cmsms_row_6a058d788ff268_28370657 .cmsms_row_outer_parent { \n\tpadding-top: 90px; \n} \n\n#cmsms_row_6a058d788ff268_28370657 .cmsms_row_outer_parent { \n\tpadding-bottom: 50px; \n} \n\n#cmsms_row_6a058d788ff268_28370657 .cmsms_row_inner.cmsms_row_fullwidth { \n\tpadding-left:5%; \n} \n#cmsms_row_6a058d788ff268_28370657 .cmsms_row_inner.cmsms_row_fullwidth { \n\tpadding-right:5%; \n} \n \n#cmsms_row_6a058d78900110_93548749 .cmsms_row_outer_parent { \n\tpadding-top: 0px; \n} \n\n#cmsms_row_6a058d78900110_93548749 .cmsms_row_outer_parent { \n\tpadding-bottom: 50px; \n} \n\n#cmsms_row_6a058d78900110_93548749 .cmsms_row_inner.cmsms_row_fullwidth { \n\tpadding-left:5%; \n} \n#cmsms_row_6a058d78900110_93548749 .cmsms_row_inner.cmsms_row_fullwidth { \n\tpadding-right:5%; \n} \n \n#cmsms_row_6a058d78907a15_90699997 .cmsms_row_outer_parent { \n\tpadding-top: 0px; \n} \n\n#cmsms_row_6a058d78907a15_90699997 .cmsms_row_outer_parent { \n\tpadding-bottom: 63px; \n} \n\n#cmsms_row_6a058d78907a15_90699997 .cmsms_row_inner.cmsms_row_fullwidth { \n\tpadding-left:5%; \n} \n#cmsms_row_6a058d78907a15_90699997 .cmsms_row_inner.cmsms_row_fullwidth { \n\tpadding-right:5%; \n} \n \n#cmsms_row_6a058d7890e968_84056867 .cmsms_row_outer_parent { \n\tpadding-top: 0px; \n} \n\n#cmsms_row_6a058d7890e968_84056867 .cmsms_row_outer_parent { \n\tpadding-bottom: 50px; \n} \n\n#cmsms_row_6a058d7890e968_84056867 .cmsms_row_inner.cmsms_row_fullwidth { \n\tpadding-left:5%; \n} \n#cmsms_row_6a058d7890e968_84056867 .cmsms_row_inner.cmsms_row_fullwidth { \n\tpadding-right:5%; \n} \n \n#cmsms_row_6a058d7890f475_60460749 .cmsms_row_outer_parent { \n\tpadding-top: 0px; \n} \n\n#cmsms_row_6a058d7890f475_60460749 .cmsms_row_outer_parent { \n\tpadding-bottom: 50px; \n} \n\n#cmsms_row_6a058d7890f475_60460749 .cmsms_row_inner.cmsms_row_fullwidth { \n\tpadding-left:5%; \n} \n#cmsms_row_6a058d7890f475_60460749 .cmsms_row_inner.cmsms_row_fullwidth { \n\tpadding-right:5%; \n} \n \n#cmsms_row_6a058d78911679_74820453 .cmsms_row_outer_parent { \n\tpadding-top: 0px; \n} \n\n#cmsms_row_6a058d78911679_74820453 .cmsms_row_outer_parent { \n\tpadding-bottom: 50px; \n} \n\n#cmsms_row_6a058d78911679_74820453 .cmsms_row_inner.cmsms_row_fullwidth { \n\tpadding-left:5%; \n} \n#cmsms_row_6a058d78911679_74820453 .cmsms_row_inner.cmsms_row_fullwidth { \n\tpadding-right:5%; \n} \n \n#cmsms_row_6a058d78913800_48367849 .cmsms_row_outer_parent { \n\tpadding-top: 0px; \n} \n\n#cmsms_row_6a058d78913800_48367849 .cmsms_row_outer_parent { \n\tpadding-bottom: 50px; \n} \n\n#cmsms_row_6a058d78913800_48367849 .cmsms_row_inner.cmsms_row_fullwidth { \n\tpadding-left:5%; \n} \n#cmsms_row_6a058d78913800_48367849 .cmsms_row_inner.cmsms_row_fullwidth { \n\tpadding-right:5%; \n} \n \n#cmsms_row_6a058d78915914_05070622 .cmsms_row_outer_parent { \n\tpadding-top: 0px; \n} \n\n#cmsms_row_6a058d78915914_05070622 .cmsms_row_outer_parent { \n\tpadding-bottom: 50px; \n} \n\n#cmsms_row_6a058d78915914_05070622 .cmsms_row_inner.cmsms_row_fullwidth { \n\tpadding-left:5%; \n} \n#cmsms_row_6a058d78915914_05070622 .cmsms_row_inner.cmsms_row_fullwidth { \n\tpadding-right:5%; \n} \n \n#cmsms_row_6a058d78917b83_93802350 .cmsms_row_outer_parent { \n\tpadding-top: 0px; \n} \n\n#cmsms_row_6a058d78917b83_93802350 .cmsms_row_outer_parent { \n\tpadding-bottom: 50px; \n} \n\n#cmsms_row_6a058d78917b83_93802350 .cmsms_row_inner.cmsms_row_fullwidth { \n\tpadding-left:5%; \n} \n#cmsms_row_6a058d78917b83_93802350 .cmsms_row_inner.cmsms_row_fullwidth { \n\tpadding-right:5%; \n} \n \n#cmsms_row_6a058d78919cb7_93749669 .cmsms_row_outer_parent { \n\tpadding-top: 0px; \n} \n\n#cmsms_row_6a058d78919cb7_93749669 .cmsms_row_outer_parent { \n\tpadding-bottom: 50px; \n} \n\n#cmsms_row_6a058d78919cb7_93749669 .cmsms_row_inner.cmsms_row_fullwidth { \n\tpadding-left:5%; \n} \n#cmsms_row_6a058d78919cb7_93749669 .cmsms_row_inner.cmsms_row_fullwidth { \n\tpadding-right:5%; \n} \n \n#cmsms_row_6a058d7891bf73_07049779 .cmsms_row_outer_parent { \n\tpadding-top: 0px; \n} \n\n#cmsms_row_6a058d7891bf73_07049779 .cmsms_row_outer_parent { \n\tpadding-bottom: 130px; \n} \n\n#cmsms_row_6a058d7891bf73_07049779 .cmsms_row_inner.cmsms_row_fullwidth { \n\tpadding-left:5%; \n} \n#cmsms_row_6a058d7891bf73_07049779 .cmsms_row_inner.cmsms_row_fullwidth { \n\tpadding-right:5%; \n} \n \n#cmsms_row_6a058d7891e0f3_58378915 { \n\tbackground-image: url(https:\/\/www.mapierailing.it\/wp-content\/uploads\/2016\/08\/mappa_footer.jpg); \n\tbackground-position: bottom center; \n\tbackground-repeat: no-repeat; \n\tbackground-attachment: fixed; \n\tbackground-size: cover; \n} \n\n#cmsms_row_6a058d7891e0f3_58378915 .cmsms_row_outer_parent { \n\tpadding-top: 100px; \n} \n\n#cmsms_row_6a058d7891e0f3_58378915 .cmsms_row_outer_parent { \n\tpadding-bottom: 100px; \n} \n\n \n#cmsms_heading_6a058d789219f { \n\ttext-align:left; \n\tmargin-top:0px; \n\tmargin-bottom:40px; \n} \n\n#cmsms_heading_6a058d789219f .cmsms_heading { \n\ttext-align:left; \n} \n\n#cmsms_heading_6a058d789219f .cmsms_heading, #cmsms_heading_6a058d789219f .cmsms_heading a { \n\tfont-weight:500; \n\tfont-style:normal; \n\tcolor:#ffffff;\n} \n\n#cmsms_heading_6a058d789219f .cmsms_heading_divider { \n} \n\n \n#cmsms_divider_6a058d78922226_84552596 { \n\tborder-bottom-width:0px; \n\tborder-bottom-style:solid; \n\tpadding-top:10px; \n\tmargin-bottom:0px; \n} \n \n#cmsms_divider_6a058d789225e7_17628195 { \n\tborder-bottom-width:0px; \n\tborder-bottom-style:solid; \n\tpadding-top:10px; \n\tmargin-bottom:0px; \n} \n \n#cmsms_heading_6a058d78923aa { \n\ttext-align:left; \n\tmargin-top:0px; \n\tmargin-bottom:40px; \n} \n\n#cmsms_heading_6a058d78923aa .cmsms_heading { \n\ttext-align:left; \n} \n\n#cmsms_heading_6a058d78923aa .cmsms_heading, #cmsms_heading_6a058d78923aa .cmsms_heading a { \n\tfont-weight:500; \n\tfont-style:normal; \n\tcolor:#ffffff;\n} \n\n#cmsms_heading_6a058d78923aa .cmsms_heading_divider { \n} \n\n \n#cmsms_icon_box_6a058d78924073_43577406 { \n\tborder-width:0px; \n} \n\n#cmsms_icon_box_6a058d78924073_43577406:before, \n#cmsms_icon_box_6a058d78924073_43577406 .icon_box_heading:before { \n\tfont-size:18px; \n\tline-height:22px; \n\twidth:22px; \n\theight:22px; \n\tborder-width:0px; \n\t-webkit-border-radius:50%; \n\tborder-radius:50%; \n\tcolor:#bda87f;\n} \n\n \n#cmsms_divider_6a058d78924658_76508429 { \n\tborder-bottom-width:0px; \n\tborder-bottom-style:solid; \n\tpadding-top:10px; \n\tmargin-bottom:0px; \n} \n \n#cmsms_icon_box_6a058d78924aa9_61408561 { \n\tborder-width:0px; \n} \n\n#cmsms_icon_box_6a058d78924aa9_61408561:before, \n#cmsms_icon_box_6a058d78924aa9_61408561 .icon_box_heading:before { \n\tfont-size:18px; \n\tline-height:22px; \n\twidth:22px; \n\theight:22px; \n\tborder-width:0px; \n\t-webkit-border-radius:50%; \n\tborder-radius:50%; \n\tcolor:#bda87f;\n} \n\n \n#cmsms_divider_6a058d78924f94_27039858 { \n\tborder-bottom-width:0px; \n\tborder-bottom-style:solid; \n\tpadding-top:10px; \n\tmargin-bottom:0px; \n} \n \n#cmsms_icon_box_6a058d789253c6_20519533 { \n\tborder-width:0px; \n} \n\n#cmsms_icon_box_6a058d789253c6_20519533:before, \n#cmsms_icon_box_6a058d789253c6_20519533 .icon_box_heading:before { \n\tfont-size:18px; \n\tline-height:15px; \n\twidth:15px; \n\theight:15px; \n\tborder-width:0px; \n\t-webkit-border-radius:50%; \n\tborder-radius:50%; \n\tcolor:#bda87f;\n} \n\n<\/style><div id=\"cmsms_row_6a058d788ff268_28370657\" class=\"cmsms_row cmsms_color_scheme_first\">\n<div class=\"cmsms_row_outer_parent\">\n<div class=\"cmsms_row_outer\">\n<div class=\"cmsms_row_inner cmsms_row_fullwidth\">\n<div class=\"cmsms_row_margin\">\n<div class=\"cmsms_column one_first\">\n<div class=\"cmsms_text\">\n<h3>Couleurs et surfaces du verre<\/h3>\n<p>Nous proposons ici les principaux r\u00e9sultats esth\u00e9tiques qui est possible obtenir (en plus du verre transparent standard) en utilisant verre color\u00e9, verre fum\u00e9, verre r\u00e9fl\u00e9chissant (effet miroir), verre explos\u00e9, etc. ou en utilisant en alternative panneaux en m\u00e9thacrylate transparent ou color\u00e9.<\/p>\n<\/div>\n<\/div>\n<\/div>\n<\/div>\n<\/div>\n<\/div>\n<\/div>\n<div id=\"cmsms_row_6a058d78900110_93548749\" class=\"cmsms_row cmsms_color_scheme_first\">\n<div class=\"cmsms_row_outer_parent\">\n<div class=\"cmsms_row_outer\">\n<div class=\"cmsms_row_inner cmsms_row_fullwidth\">\n<div class=\"cmsms_row_margin\">\n<div class=\"cmsms_column one_fourth\">\n<div class=\"aligncenter\">\n<div class=\"cmsms_img  cmsms_image_c\">\n<a href=\"http:\/\/www.mapierailing.it\/wp-content\/uploads\/2016\/06\/vetro_trasparente-1.jpg\" rel=\"ilightbox\"><img src=\"https:\/\/www.mapierailing.it\/wp-content\/uploads\/2016\/06\/vetro_trasparente-1.jpg\" alt=\"vetro trasparente\" \/><\/a>\n<\/div>\n<\/div>\n<div class=\"cmsms_text\">\n<p style=\"font-size: 14px; text-align: center;\"><strong>VERRE TRANSPARENT<\/strong><\/p>\n<\/div>\n<\/div>\n<div class=\"cmsms_column one_fourth\">\n<div class=\"aligncenter\">\n<div class=\"cmsms_img  cmsms_image_c\">\n<a href=\"http:\/\/www.mapierailing.it\/wp-content\/uploads\/2016\/06\/vetro_riflettente_specchio.jpg\" rel=\"ilightbox\"><img src=\"https:\/\/www.mapierailing.it\/wp-content\/uploads\/2016\/06\/vetro_riflettente_specchio.jpg\" alt=\"vetro riflettente specchio\" \/><\/a>\n<\/div>\n<\/div>\n<div class=\"cmsms_text\">\n<p style=\"font-size: 14px; text-align: center;\"><strong>VERRE R\u00c9FL\u00c9CHISSANT MIROIR<\/strong><\/p>\n<\/div>\n<\/div>\n<div class=\"cmsms_column one_fourth\">\n<div class=\"aligncenter\">\n<div class=\"cmsms_img  cmsms_image_c\">\n<a href=\"http:\/\/www.mapierailing.it\/wp-content\/uploads\/2016\/06\/vetro-fume.jpg\" rel=\"ilightbox\"><img src=\"https:\/\/www.mapierailing.it\/wp-content\/uploads\/2016\/06\/vetro-fume.jpg\" alt=\"vetro fume\" \/><\/a>\n<\/div>\n<\/div>\n<div class=\"cmsms_text\">\n<p style=\"font-size: 14px; text-align: center;\"><strong>VERRE FUM\u00c9<\/strong><\/p>\n<\/div>\n<\/div>\n<div class=\"cmsms_column one_fourth\">\n<div class=\"aligncenter\">\n<div class=\"cmsms_img  cmsms_image_c\">\n<a href=\"http:\/\/www.mapierailing.it\/wp-content\/uploads\/2016\/06\/vetro_fume_riflettente.jpg\" rel=\"ilightbox\"><img src=\"https:\/\/www.mapierailing.it\/wp-content\/uploads\/2016\/06\/vetro_fume_riflettente.jpg\" \/><\/a>\n<\/div>\n<\/div>\n<div class=\"cmsms_text\">\n<p style=\"font-size: 14px; text-align: center;\"><strong>VERRE FUM\u00c9 R\u00c9FL\u00c9CHISSANT<\/strong><\/p>\n<\/div>\n<\/div>\n<\/div>\n<\/div>\n<\/div>\n<\/div>\n<\/div>\n<div id=\"cmsms_row_6a058d78907a15_90699997\" class=\"cmsms_row cmsms_color_scheme_first\">\n<div class=\"cmsms_row_outer_parent\">\n<div class=\"cmsms_row_outer\">\n<div class=\"cmsms_row_inner cmsms_row_fullwidth\">\n<div class=\"cmsms_row_margin\">\n<div class=\"cmsms_column one_fourth\">\n<div class=\"aligncenter\">\n<div class=\"cmsms_img  cmsms_image_c\">\n<a href=\"http:\/\/www.mapierailing.it\/wp-content\/uploads\/2016\/06\/vetri-con-pvb-colorato.jpg\" rel=\"ilightbox\"><img src=\"https:\/\/www.mapierailing.it\/wp-content\/uploads\/2016\/06\/vetri-con-pvb-colorato.jpg\" alt=\"vetri con pvb colorato\" \/><\/a>\n<\/div>\n<\/div>\n<div class=\"cmsms_text\">\n<p style=\"font-size: 14px; text-align: center;\"><strong>VERRE AVEC PVB COLOR\u00c9<\/strong><\/p>\n<\/div>\n<\/div>\n<div class=\"cmsms_column one_fourth\">\n<div class=\"aligncenter\">\n<div class=\"cmsms_img  cmsms_image_c\">\n<a href=\"http:\/\/www.mapierailing.it\/wp-content\/uploads\/2016\/06\/vetri_con_pvb_colorato_satinato.jpg\" rel=\"ilightbox\"><img src=\"https:\/\/www.mapierailing.it\/wp-content\/uploads\/2016\/06\/vetri_con_pvb_colorato_satinato.jpg\" alt=\"vetri con pvb colorato satinato\" \/><\/a>\n<\/div>\n<\/div>\n<div class=\"cmsms_text\">\n<p style=\"font-size: 14px; text-align: center;\"><strong>VERRE AVEC PVB COLOR\u00c9 SATIN\u00c9E<\/strong><\/p>\n<\/div>\n<\/div>\n<div class=\"cmsms_column one_fourth\">\n<div class=\"aligncenter\">\n<div class=\"cmsms_img  cmsms_image_c\">\n<a href=\"http:\/\/www.mapierailing.it\/wp-content\/uploads\/2016\/06\/vetro_trasparente_esploso.jpg\" rel=\"ilightbox\"><img src=\"https:\/\/www.mapierailing.it\/wp-content\/uploads\/2016\/06\/vetro_trasparente_esploso.jpg\" alt=\"vetro trasparente esploso\" \/><\/a>\n<\/div>\n<\/div>\n<div class=\"cmsms_text\">\n<p style=\"font-size: 14px; text-align: center;\"><strong>VERRE TRANSPARENT EXPLOS\u00c9<\/strong><\/p>\n<\/div>\n<\/div>\n<div class=\"cmsms_column one_fourth\">\n<div class=\"aligncenter\">\n<div class=\"cmsms_img  cmsms_image_c\">\n<a href=\"http:\/\/www.mapierailing.it\/wp-content\/uploads\/2016\/06\/metacrilato_trasparente_o_colorato.jpg\" rel=\"ilightbox\"><img src=\"https:\/\/www.mapierailing.it\/wp-content\/uploads\/2016\/06\/metacrilato_trasparente_o_colorato.jpg\" alt=\"metacrilato trasparente o colorato\" \/><\/a>\n<\/div>\n<\/div>\n<div class=\"cmsms_text\">\n<p style=\"font-size: 14px; text-align: center;\"><strong>M\u00c9THACRYLATE TRANSPARENT COLOR\u00c9<\/strong><\/p>\n<\/div>\n<\/div>\n<\/div>\n<\/div>\n<\/div>\n<\/div>\n<\/div>\n<div id=\"cmsms_row_6a058d7890e968_84056867\" class=\"cmsms_row cmsms_color_scheme_first\">\n<div class=\"cmsms_row_outer_parent\">\n<div class=\"cmsms_row_outer\">\n<div class=\"cmsms_row_inner cmsms_row_fullwidth\">\n<div class=\"cmsms_row_margin\">\n<div class=\"cmsms_column one_first\">\n<div class=\"cmsms_text\">\n<h3>Quelques exemples<\/h3>\n<p>Voi\u00e7i des images comme exemple d&rsquo;utilisation du differents types de verre<\/p>\n<\/div>\n<\/div>\n<\/div>\n<\/div>\n<\/div>\n<\/div>\n<\/div>\n<div id=\"cmsms_row_6a058d7890f475_60460749\" class=\"cmsms_row cmsms_color_scheme_first\">\n<div class=\"cmsms_row_outer_parent\">\n<div class=\"cmsms_row_outer\">\n<div class=\"cmsms_row_inner cmsms_row_fullwidth\">\n<div class=\"cmsms_row_margin\">\n<div class=\"cmsms_column one_half\">\n<div class=\"cmsms_img  cmsms_image_l\">\n<a href=\"http:\/\/www.mapierailing.it\/wp-content\/uploads\/2016\/06\/vetro_trasparente-2.jpg\" rel=\"ilightbox\"><img src=\"https:\/\/www.mapierailing.it\/wp-content\/uploads\/2016\/06\/vetro_trasparente-2.jpg\" alt=\"vetro trasparente\" \/><\/a>\n<\/div>\n<\/div>\n<div class=\"cmsms_column one_half\">\n<div class=\"cmsms_text\">\n<p><strong>VERRE TRANSPARENT<\/strong><\/p>\n<\/div>\n<\/div>\n<\/div>\n<\/div>\n<\/div>\n<\/div>\n<\/div>\n<div id=\"cmsms_row_6a058d78911679_74820453\" class=\"cmsms_row cmsms_color_scheme_first\">\n<div class=\"cmsms_row_outer_parent\">\n<div class=\"cmsms_row_outer\">\n<div class=\"cmsms_row_inner cmsms_row_fullwidth\">\n<div class=\"cmsms_row_margin\">\n<div class=\"cmsms_column one_half\">\n<div class=\"cmsms_img  cmsms_image_l\">\n<a href=\"http:\/\/www.mapierailing.it\/wp-content\/uploads\/2016\/06\/vetro_extrachiaro.jpg\" rel=\"ilightbox\"><img src=\"https:\/\/www.mapierailing.it\/wp-content\/uploads\/2016\/06\/vetro_extrachiaro.jpg\" alt=\"vetro extrachiaro\" \/><\/a>\n<\/div>\n<\/div>\n<div class=\"cmsms_column one_half\">\n<div class=\"cmsms_text\">\n<p><strong>VERRE EXTRACLEAR<\/strong><\/p>\n<\/div>\n<\/div>\n<\/div>\n<\/div>\n<\/div>\n<\/div>\n<\/div>\n<div id=\"cmsms_row_6a058d78913800_48367849\" class=\"cmsms_row cmsms_color_scheme_first\">\n<div class=\"cmsms_row_outer_parent\">\n<div class=\"cmsms_row_outer\">\n<div class=\"cmsms_row_inner cmsms_row_fullwidth\">\n<div class=\"cmsms_row_margin\">\n<div class=\"cmsms_column one_half\">\n<div class=\"cmsms_img  cmsms_image_l\">\n<a href=\"http:\/\/www.mapierailing.it\/wp-content\/uploads\/2016\/06\/vetro_riflettente.jpg\" rel=\"ilightbox\"><img src=\"https:\/\/www.mapierailing.it\/wp-content\/uploads\/2016\/06\/vetro_riflettente.jpg\" alt=\"vetro riflettente\" \/><\/a>\n<\/div>\n<\/div>\n<div class=\"cmsms_column one_half\">\n<div class=\"cmsms_text\">\n<p><strong>VERRE REFLECTIVE<\/strong><\/p>\n<\/div>\n<\/div>\n<\/div>\n<\/div>\n<\/div>\n<\/div>\n<\/div>\n<div id=\"cmsms_row_6a058d78915914_05070622\" class=\"cmsms_row cmsms_color_scheme_first\">\n<div class=\"cmsms_row_outer_parent\">\n<div class=\"cmsms_row_outer\">\n<div class=\"cmsms_row_inner cmsms_row_fullwidth\">\n<div class=\"cmsms_row_margin\">\n<div class=\"cmsms_column one_half\">\n<div class=\"cmsms_img  cmsms_image_l\">\n<a href=\"http:\/\/www.mapierailing.it\/wp-content\/uploads\/2016\/06\/vetro_fume-1.jpg\" rel=\"ilightbox\"><img src=\"https:\/\/www.mapierailing.it\/wp-content\/uploads\/2016\/06\/vetro_fume-1.jpg\" alt=\"vetro fum\u00e8\" \/><\/a>\n<\/div>\n<\/div>\n<div class=\"cmsms_column one_half\">\n<div class=\"cmsms_text\">\n<p><strong>VERRE SMOKED<\/strong><\/p>\n<\/div>\n<\/div>\n<\/div>\n<\/div>\n<\/div>\n<\/div>\n<\/div>\n<div id=\"cmsms_row_6a058d78917b83_93802350\" class=\"cmsms_row cmsms_color_scheme_first\">\n<div class=\"cmsms_row_outer_parent\">\n<div class=\"cmsms_row_outer\">\n<div class=\"cmsms_row_inner cmsms_row_fullwidth\">\n<div class=\"cmsms_row_margin\">\n<div class=\"cmsms_column one_half\">\n<div class=\"cmsms_img  cmsms_image_l\">\n<a href=\"http:\/\/www.mapierailing.it\/wp-content\/uploads\/2016\/06\/vetro_bronzo.jpg\" rel=\"ilightbox\"><img src=\"https:\/\/www.mapierailing.it\/wp-content\/uploads\/2016\/06\/vetro_bronzo.jpg\" alt=\"vetro bronzo\" \/><\/a>\n<\/div>\n<\/div>\n<div class=\"cmsms_column one_half\">\n<div class=\"cmsms_text\">\n<p><strong>VERRE BRONZE<\/strong><\/p>\n<\/div>\n<\/div>\n<\/div>\n<\/div>\n<\/div>\n<\/div>\n<\/div>\n<div id=\"cmsms_row_6a058d78919cb7_93749669\" class=\"cmsms_row cmsms_color_scheme_first\">\n<div class=\"cmsms_row_outer_parent\">\n<div class=\"cmsms_row_outer\">\n<div class=\"cmsms_row_inner cmsms_row_fullwidth\">\n<div class=\"cmsms_row_margin\">\n<div class=\"cmsms_column one_half\">\n<div class=\"cmsms_img  cmsms_image_l\">\n<a href=\"http:\/\/www.mapierailing.it\/wp-content\/uploads\/2016\/06\/vetro_azzurro.jpg\" rel=\"ilightbox\"><img src=\"https:\/\/www.mapierailing.it\/wp-content\/uploads\/2016\/06\/vetro_azzurro.jpg\" alt=\"vetro azzurro\" \/><\/a>\n<\/div>\n<\/div>\n<div class=\"cmsms_column one_half\">\n<div class=\"cmsms_text\">\n<p><strong>VERRE LIGHT BLUE<\/strong><\/p>\n<\/div>\n<\/div>\n<\/div>\n<\/div>\n<\/div>\n<\/div>\n<\/div>\n<div id=\"cmsms_row_6a058d7891bf73_07049779\" class=\"cmsms_row cmsms_color_scheme_first\">\n<div class=\"cmsms_row_outer_parent\">\n<div class=\"cmsms_row_outer\">\n<div class=\"cmsms_row_inner cmsms_row_fullwidth\">\n<div class=\"cmsms_row_margin\">\n<div class=\"cmsms_column one_half\">\n<div class=\"cmsms_img  cmsms_image_l\">\n<a href=\"http:\/\/www.mapierailing.it\/wp-content\/uploads\/2016\/06\/vetro_verde.jpg\" rel=\"ilightbox\"><img src=\"https:\/\/www.mapierailing.it\/wp-content\/uploads\/2016\/06\/vetro_verde.jpg\" \/><\/a>\n<\/div>\n<\/div>\n<div class=\"cmsms_column one_half\">\n<div class=\"cmsms_text\">\n<p><strong>VERRE VERT<\/strong><\/p>\n<\/div>\n<\/div>\n<\/div>\n<\/div>\n<\/div>\n<\/div>\n<\/div>\n<div id=\"cmsms_row_6a058d7891e0f3_58378915\" class=\"cmsms_row cmsms_color_scheme_second\">\n<div class=\"cmsms_row_outer_parent\">\n<div class=\"cmsms_row_outer\">\n<div class=\"cmsms_row_inner\">\n<div class=\"cmsms_row_margin\">\n<div class=\"cmsms_column one_third\">\n<div class=\"cmsms_img  cmsms_image_l\">\n<img src=\"https:\/\/www.mapierailing.it\/wp-content\/uploads\/2015\/04\/m_f-1.png\" \/>\n<\/div>\n<\/div>\n<div class=\"cmsms_column one_third\">\n\n<div id=\"cmsms_heading_6a058d789219f\" class=\"cmsms_heading_wrap cmsms_heading_align_left\">\n\t<h4 class=\"cmsms_heading\">R\u00e9f\u00e9rences<\/h4>\n<\/div><div class=\"cmsms_text\">\n<p style=\"font-weight: 500;\">Martinelli Andrea &#8211; Commercial<br \/>\ncommerciale@mapiergroup.it<br \/>\nSkype: andrea.martinelli.mapiergroup<\/p>\n<\/div>\n\n<div id=\"cmsms_divider_6a058d78922226_84552596\" class=\"cl\"><\/div>\n\n<div id=\"cmsms_divider_6a058d789225e7_17628195\" class=\"cl\"><\/div>\n<div class=\"cmsms_text\">\n<p style=\"font-weight: 500;\">Martinelli Marco &#8211; Technique<br \/>\ntecnico@mapiergroup.it<br \/>\nSkype: marco.martinelli.mapiergroup<\/p>\n<\/div>\n<\/div>\n<div class=\"cmsms_column one_third\">\n\n<div id=\"cmsms_heading_6a058d78923aa\" class=\"cmsms_heading_wrap cmsms_heading_align_left\">\n\t<h4 class=\"cmsms_heading\">Contacts<\/h4>\n<\/div>\n<div id=\"cmsms_icon_box_6a058d78924073_43577406\" class=\"cmsms_icon_box cmsms_icon_heading_left box_icon_type_icon\">\n<div class=\"icon_box_inner\">\n<h6 class=\"icon_box_heading cmsms-icon-location-3\">Via Albert Bruce Sabin, 40 - 40017 San Giovanni in Persiceto - Bologna (BO)<\/h6>\n<div class=\"icon_box_text\">\n<p><\/p>\n<\/div>\n<\/div>\n<\/div>\n\n<div id=\"cmsms_divider_6a058d78924658_76508429\" class=\"cl\"><\/div>\n\n<div id=\"cmsms_icon_box_6a058d78924aa9_61408561\" class=\"cmsms_icon_box cmsms_icon_heading_left box_icon_type_icon\">\n<div class=\"icon_box_inner\">\n<h6 class=\"icon_box_heading cmsms-icon-phone-4\">Tel. 051.821653 \u2013 Fax. 051.827952<\/h6>\n<div class=\"icon_box_text\">\n<p><\/p>\n<\/div>\n<\/div>\n<\/div>\n\n\n<div id=\"cmsms_divider_6a058d78924f94_27039858\" class=\"cl\"><\/div>\n\n<div id=\"cmsms_icon_box_6a058d789253c6_20519533\" class=\"cmsms_icon_box cmsms_icon_heading_left box_icon_type_icon\">\n<div class=\"icon_box_inner\">\n<h6 class=\"icon_box_heading cmsms-icon-mail-3\">info@mapiergroup.it<\/h6>\n<div class=\"icon_box_text\">\n<p><\/p>\n<\/div>\n<\/div>\n<\/div>\n<\/div>\n<\/div>\n<\/div>\n<\/div>\n<\/div>\n<\/div>\n\n","protected":false},"excerpt":{"rendered":"","protected":false},"author":4,"featured_media":0,"parent":0,"menu_order":0,"comment_status":"closed","ping_status":"closed","template":"","meta":[],"yoast_head":"<!-- This site is optimized with the Yoast SEO plugin v18.9 - https:\/\/yoast.com\/wordpress\/plugins\/seo\/ -->\n<title>Types de verre - Railing Aluminium Design - Mapier Group S.r.l.<\/title>\n<meta name=\"robots\" content=\"index, follow, max-snippet:-1, max-image-preview:large, max-video-preview:-1\" \/>\n<link rel=\"canonical\" href=\"https:\/\/www.mapierailing.it\/fr\/types-de-verre\/\" \/>\n<meta property=\"og:locale\" content=\"fr_FR\" \/>\n<meta property=\"og:type\" content=\"article\" \/>\n<meta property=\"og:title\" content=\"Types de verre - Railing Aluminium Design - Mapier Group S.r.l.\" \/>\n<meta property=\"og:url\" content=\"https:\/\/www.mapierailing.it\/fr\/types-de-verre\/\" \/>\n<meta property=\"og:site_name\" content=\"Railing Aluminium Design - Mapier Group S.r.l.\" \/>\n<meta property=\"article:modified_time\" content=\"2026-03-10T17:42:21+00:00\" \/>\n<meta name=\"twitter:card\" content=\"summary\" \/>\n<meta name=\"twitter:label1\" content=\"Dur\u00e9e de lecture estim\u00e9e\" \/>\n\t<meta name=\"twitter:data1\" content=\"3 minutes\" \/>\n<script type=\"application\/ld+json\" class=\"yoast-schema-graph\">{\"@context\":\"https:\/\/schema.org\",\"@graph\":[{\"@type\":\"WebSite\",\"@id\":\"https:\/\/www.mapierailing.it\/#website\",\"url\":\"https:\/\/www.mapierailing.it\/\",\"name\":\"Railing Aluminium Design - Mapier Group S.r.l.\",\"description\":\"Parapetti e recinzioni\",\"potentialAction\":[{\"@type\":\"SearchAction\",\"target\":{\"@type\":\"EntryPoint\",\"urlTemplate\":\"https:\/\/www.mapierailing.it\/?s={search_term_string}\"},\"query-input\":\"required name=search_term_string\"}],\"inLanguage\":\"fr-FR\"},{\"@type\":\"WebPage\",\"@id\":\"https:\/\/www.mapierailing.it\/fr\/types-de-verre\/#webpage\",\"url\":\"https:\/\/www.mapierailing.it\/fr\/types-de-verre\/\",\"name\":\"Types de verre - Railing Aluminium Design - Mapier Group S.r.l.\",\"isPartOf\":{\"@id\":\"https:\/\/www.mapierailing.it\/#website\"},\"datePublished\":\"2016-06-11T11:04:39+00:00\",\"dateModified\":\"2026-03-10T17:42:21+00:00\",\"breadcrumb\":{\"@id\":\"https:\/\/www.mapierailing.it\/fr\/types-de-verre\/#breadcrumb\"},\"inLanguage\":\"fr-FR\",\"potentialAction\":[{\"@type\":\"ReadAction\",\"target\":[\"https:\/\/www.mapierailing.it\/fr\/types-de-verre\/\"]}]},{\"@type\":\"BreadcrumbList\",\"@id\":\"https:\/\/www.mapierailing.it\/fr\/types-de-verre\/#breadcrumb\",\"itemListElement\":[{\"@type\":\"ListItem\",\"position\":1,\"name\":\"Home\",\"item\":\"https:\/\/www.mapierailing.it\/fr\/\"},{\"@type\":\"ListItem\",\"position\":2,\"name\":\"Types de verre\"}]}]}<\/script>\n<!-- \/ Yoast SEO plugin. -->","yoast_head_json":{"title":"Types de verre - Railing Aluminium Design - Mapier Group S.r.l.","robots":{"index":"index","follow":"follow","max-snippet":"max-snippet:-1","max-image-preview":"max-image-preview:large","max-video-preview":"max-video-preview:-1"},"canonical":"https:\/\/www.mapierailing.it\/fr\/types-de-verre\/","og_locale":"fr_FR","og_type":"article","og_title":"Types de verre - Railing Aluminium Design - Mapier Group S.r.l.","og_url":"https:\/\/www.mapierailing.it\/fr\/types-de-verre\/","og_site_name":"Railing Aluminium Design - Mapier Group S.r.l.","article_modified_time":"2026-03-10T17:42:21+00:00","twitter_card":"summary","twitter_misc":{"Dur\u00e9e de lecture estim\u00e9e":"3 minutes"},"schema":{"@context":"https:\/\/schema.org","@graph":[{"@type":"WebSite","@id":"https:\/\/www.mapierailing.it\/#website","url":"https:\/\/www.mapierailing.it\/","name":"Railing Aluminium Design - Mapier Group S.r.l.","description":"Parapetti e recinzioni","potentialAction":[{"@type":"SearchAction","target":{"@type":"EntryPoint","urlTemplate":"https:\/\/www.mapierailing.it\/?s={search_term_string}"},"query-input":"required name=search_term_string"}],"inLanguage":"fr-FR"},{"@type":"WebPage","@id":"https:\/\/www.mapierailing.it\/fr\/types-de-verre\/#webpage","url":"https:\/\/www.mapierailing.it\/fr\/types-de-verre\/","name":"Types de verre - Railing Aluminium Design - Mapier Group S.r.l.","isPartOf":{"@id":"https:\/\/www.mapierailing.it\/#website"},"datePublished":"2016-06-11T11:04:39+00:00","dateModified":"2026-03-10T17:42:21+00:00","breadcrumb":{"@id":"https:\/\/www.mapierailing.it\/fr\/types-de-verre\/#breadcrumb"},"inLanguage":"fr-FR","potentialAction":[{"@type":"ReadAction","target":["https:\/\/www.mapierailing.it\/fr\/types-de-verre\/"]}]},{"@type":"BreadcrumbList","@id":"https:\/\/www.mapierailing.it\/fr\/types-de-verre\/#breadcrumb","itemListElement":[{"@type":"ListItem","position":1,"name":"Home","item":"https:\/\/www.mapierailing.it\/fr\/"},{"@type":"ListItem","position":2,"name":"Types de verre"}]}]}},"_links":{"self":[{"href":"https:\/\/www.mapierailing.it\/fr\/wp-json\/wp\/v2\/pages\/10071"}],"collection":[{"href":"https:\/\/www.mapierailing.it\/fr\/wp-json\/wp\/v2\/pages"}],"about":[{"href":"https:\/\/www.mapierailing.it\/fr\/wp-json\/wp\/v2\/types\/page"}],"author":[{"embeddable":true,"href":"https:\/\/www.mapierailing.it\/fr\/wp-json\/wp\/v2\/users\/4"}],"replies":[{"embeddable":true,"href":"https:\/\/www.mapierailing.it\/fr\/wp-json\/wp\/v2\/comments?post=10071"}],"version-history":[{"count":5,"href":"https:\/\/www.mapierailing.it\/fr\/wp-json\/wp\/v2\/pages\/10071\/revisions"}],"predecessor-version":[{"id":12247,"href":"https:\/\/www.mapierailing.it\/fr\/wp-json\/wp\/v2\/pages\/10071\/revisions\/12247"}],"wp:attachment":[{"href":"https:\/\/www.mapierailing.it\/fr\/wp-json\/wp\/v2\/media?parent=10071"}],"curies":[{"name":"wp","href":"https:\/\/api.w.org\/{rel}","templated":true}]}}