{"id":10007,"date":"2016-08-01T12:33:43","date_gmt":"2016-08-01T12:33:43","guid":{"rendered":"http:\/\/www.mapierailing.it\/fr\/?page_id=10007"},"modified":"2026-03-10T17:31:31","modified_gmt":"2026-03-10T17:31:31","slug":"garde-corps-en-aluminium-et-verre-michelangelo","status":"publish","type":"page","link":"https:\/\/www.mapierailing.it\/fr\/garde-corps-en-aluminium-et-verre-michelangelo\/","title":{"rendered":"Garde-corps en aluminium et verre \u00ab\u00a0Michelangelo\u00a0\u00bb"},"content":{"rendered":"<style type=\"text\/css\"> \n#cmsms_row_6a058e6cbe5c42_28280493 .cmsms_row_outer_parent { \n\tpadding-top: 90px; \n} \n\n#cmsms_row_6a058e6cbe5c42_28280493 .cmsms_row_outer_parent { \n\tpadding-bottom: 130px; \n} \n\n#cmsms_row_6a058e6cbe5c42_28280493 .cmsms_row_inner.cmsms_row_fullwidth { \n\tpadding-left:5%; \n} \n#cmsms_row_6a058e6cbe5c42_28280493 .cmsms_row_inner.cmsms_row_fullwidth { \n\tpadding-right:5%; \n} \n \n#cmsms_divider_6a058e6cbe8d55_83371760 { \n\tborder-bottom-width:1px; \n\tborder-bottom-style:solid; \n\tpadding-top:25px; \n\tmargin-bottom:25px; \n\tborder-bottom-color:#f4f4f4;\n} \n \n#cmsms_divider_6a058e6cbeb2b7_07454515 { \n\tborder-bottom-width:1px; \n\tborder-bottom-style:solid; \n\tpadding-top:25px; \n\tmargin-bottom:25px; \n\tborder-bottom-color:#f4f4f4;\n} \n \n#cmsms_divider_6a058e6cbee467_10434815 { \n\tborder-bottom-width:1px; \n\tborder-bottom-style:solid; \n\tpadding-top:25px; \n\tmargin-bottom:25px; \n\tborder-bottom-color:#f4f4f4;\n} \n \n#cmsms_icon_6a058e6cbeeb41_42212963 { \n\tdisplay:block; \n\ttext-align:left; } \n\n#cmsms_icon_6a058e6cbeeb41_42212963 .cmsms_simple_icon { \n\tborder-width:0px; \n\twidth:60px; \n\theight:60px; \n\tfont-size:40px; \n\tline-height:60px; \n\ttext-align:left; \n\t-webkit-border-radius:50%; \n\tborder-radius:50%; } \n \n#cmsms_divider_6a058e6cbeef88_02481376 { \n\tborder-bottom-width:1px; \n\tborder-bottom-style:solid; \n\tpadding-top:25px; \n\tmargin-bottom:25px; \n\tborder-bottom-color:#f4f4f4;\n} \n \n#cmsms_icon_6a058e6cbef5b3_49430985 { \n\tdisplay:block; \n\ttext-align:left; } \n\n#cmsms_icon_6a058e6cbef5b3_49430985 .cmsms_simple_icon { \n\tborder-width:0px; \n\twidth:60px; \n\theight:60px; \n\tfont-size:40px; \n\tline-height:60px; \n\ttext-align:left; \n\t-webkit-border-radius:50%; \n\tborder-radius:50%; } \n \n#cmsms_row_6a058e6cbefa92_33840361 { \n\tbackground-image: url(https:\/\/www.mapierailing.it\/wp-content\/uploads\/2016\/08\/mappa_footer.jpg); \n\tbackground-position: bottom center; \n\tbackground-repeat: no-repeat; \n\tbackground-attachment: fixed; \n\tbackground-size: cover; \n} \n\n#cmsms_row_6a058e6cbefa92_33840361 .cmsms_row_outer_parent { \n\tpadding-top: 100px; \n} \n\n#cmsms_row_6a058e6cbefa92_33840361 .cmsms_row_outer_parent { \n\tpadding-bottom: 100px; \n} \n\n \n#cmsms_heading_6a058e6cbf498 { \n\ttext-align:left; \n\tmargin-top:0px; \n\tmargin-bottom:40px; \n} \n\n#cmsms_heading_6a058e6cbf498 .cmsms_heading { \n\ttext-align:left; \n} \n\n#cmsms_heading_6a058e6cbf498 .cmsms_heading, #cmsms_heading_6a058e6cbf498 .cmsms_heading a { \n\tfont-weight:500; \n\tfont-style:normal; \n\tcolor:#ffffff;\n} \n\n#cmsms_heading_6a058e6cbf498 .cmsms_heading_divider { \n} \n\n \n#cmsms_divider_6a058e6cbf5582_23865160 { \n\tborder-bottom-width:0px; \n\tborder-bottom-style:solid; \n\tpadding-top:10px; \n\tmargin-bottom:0px; \n} \n \n#cmsms_divider_6a058e6cbf5993_66954899 { \n\tborder-bottom-width:0px; \n\tborder-bottom-style:solid; \n\tpadding-top:10px; \n\tmargin-bottom:0px; \n} \n \n#cmsms_heading_6a058e6cbf6e6 { \n\ttext-align:left; \n\tmargin-top:0px; \n\tmargin-bottom:40px; \n} \n\n#cmsms_heading_6a058e6cbf6e6 .cmsms_heading { \n\ttext-align:left; \n} \n\n#cmsms_heading_6a058e6cbf6e6 .cmsms_heading, #cmsms_heading_6a058e6cbf6e6 .cmsms_heading a { \n\tfont-weight:500; \n\tfont-style:normal; \n\tcolor:#ffffff;\n} \n\n#cmsms_heading_6a058e6cbf6e6 .cmsms_heading_divider { \n} \n\n \n#cmsms_icon_box_6a058e6cbf7455_25809637 { \n\tborder-width:0px; \n} \n\n#cmsms_icon_box_6a058e6cbf7455_25809637:before, \n#cmsms_icon_box_6a058e6cbf7455_25809637 .icon_box_heading:before { \n\tfont-size:18px; \n\tline-height:22px; \n\twidth:22px; \n\theight:22px; \n\tborder-width:0px; \n\t-webkit-border-radius:50%; \n\tborder-radius:50%; \n\tcolor:#bda87f;\n} \n\n \n#cmsms_divider_6a058e6cbf7a30_30777306 { \n\tborder-bottom-width:0px; \n\tborder-bottom-style:solid; \n\tpadding-top:10px; \n\tmargin-bottom:0px; \n} \n \n#cmsms_icon_box_6a058e6cbf7e63_01257820 { \n\tborder-width:0px; \n} \n\n#cmsms_icon_box_6a058e6cbf7e63_01257820:before, \n#cmsms_icon_box_6a058e6cbf7e63_01257820 .icon_box_heading:before { \n\tfont-size:18px; \n\tline-height:22px; \n\twidth:22px; \n\theight:22px; \n\tborder-width:0px; \n\t-webkit-border-radius:50%; \n\tborder-radius:50%; \n\tcolor:#bda87f;\n} \n\n \n#cmsms_divider_6a058e6cbf8359_18433034 { \n\tborder-bottom-width:0px; \n\tborder-bottom-style:solid; \n\tpadding-top:10px; \n\tmargin-bottom:0px; \n} \n \n#cmsms_icon_box_6a058e6cbf8771_36995605 { \n\tborder-width:0px; \n} \n\n#cmsms_icon_box_6a058e6cbf8771_36995605:before, \n#cmsms_icon_box_6a058e6cbf8771_36995605 .icon_box_heading:before { \n\tfont-size:18px; \n\tline-height:15px; \n\twidth:15px; \n\theight:15px; \n\tborder-width:0px; \n\t-webkit-border-radius:50%; \n\tborder-radius:50%; \n\tcolor:#bda87f;\n} \n\n<\/style><div id=\"cmsms_row_6a058e6cbe5c42_28280493\" class=\"cmsms_row cmsms_color_scheme_first\">\n<div class=\"cmsms_row_outer_parent\">\n<div class=\"cmsms_row_outer\">\n<div class=\"cmsms_row_inner cmsms_row_fullwidth\">\n<div class=\"cmsms_row_margin\">\n<div class=\"cmsms_column one_half\">\n<div class=\"cmsms_img  cmsms_image_l\">\n<img src=\"https:\/\/www.mapierailing.it\/wp-content\/uploads\/2016\/06\/MICHELANGELO.jpg\" alt=\"parapetto michelangelo alluminio vetro\" \/>\n<\/div>\n\n<div id=\"cmsms_divider_6a058e6cbe8d55_83371760\" class=\"cmsms_divider cmsms_divider_width_medium cmsms_divider_pos_center\"><\/div>\n<div class=\"cmsms_img  cmsms_image_l\">\n<img src=\"https:\/\/www.mapierailing.it\/wp-content\/uploads\/2016\/06\/parapetto_michelangelo_alluminio_vetro_2_est.jpg\" alt=\"parapetto michelangelo alluminio vetro 2 est\" \/>\n<\/div>\n\n\n<div id=\"cmsms_divider_6a058e6cbeb2b7_07454515\" class=\"cmsms_divider cmsms_divider_width_medium cmsms_divider_pos_center\"><\/div>\n<div class=\"cmsms_img  cmsms_image_l\">\n<img src=\"https:\/\/www.mapierailing.it\/wp-content\/uploads\/2016\/08\/scheda_tecnica_parapetto_michelangelo_fra-e1523528490680.jpg\" alt=\"scheda tecnica parapetto michelangelo fra\" \/>\n<\/div>\n<\/div>\n<div class=\"cmsms_column one_half\">\n<div class=\"cmsms_text\">\n<h3>Garde-corps en aluminium et verre \u00ab\u00a0Michelangelo\u00a0\u00bb<\/h3>\n<p>Garde-corps en aluminium et verre mod\u00e8le Michelangelo, compos\u00e9 par montants verticaux et traverses horizontaux en alliage d&rsquo;aluminium extrud\u00e9s EN AW 6005T6.<\/p>\n<p>En la partie inf\u00e9rieure le remplissage est verre tremp\u00e9 (8+8+0.76pvb) avec bords meul\u00e9s et poli, et en la partie sup\u00e9rieur il y a profil\u00e9s horizontaux en aluminium mm 20&#215;20 rondes ou carr\u00e9s, avec distance maximale entre eux de 100 mm.<\/p>\n<p>Kit de montage compos\u00e9 par boulons et tasseaux d\u2019ancrage\u00a0en acier inoxydable.<\/p>\n<p>Le montage peut \u00eatre r\u00e9alis\u00e9 avec fixation frontale ou fixation sur le plan horizontal.<\/p>\n<\/div>\n\n<div id=\"cmsms_divider_6a058e6cbee467_10434815\" class=\"cmsms_divider cmsms_divider_width_medium cmsms_divider_pos_center\"><\/div>\n<div class=\"cmsms_text\">\n<h5 style=\"margin-bottom: 0px;\">T\u00e9l\u00e9charge la fiche technique<\/h5>\n<\/div>\n\n<div id=\"cmsms_icon_6a058e6cbeeb41_42212963\" class=\"cmsms_icon_wrap\"><a href=\"http:\/\/www.mapierailing.it\/wp-content\/uploads\/2018\/04\/scheda_tecnica_parapetto_michelangelo_fra.pdf\" target=\"_blank\"><span class=\"cmsms_simple_icon cmsms-icon-download-1\"><\/span><\/a><\/div>\n\n<div id=\"cmsms_divider_6a058e6cbeef88_02481376\" class=\"cmsms_divider cmsms_divider_width_medium cmsms_divider_pos_center\"><\/div>\n<div class=\"cmsms_text\">\n<h5 style=\"margin-bottom: 0px;\">T\u00e9l\u00e9charger le catalogue complet<\/h5>\n<\/div>\n\n<div id=\"cmsms_icon_6a058e6cbef5b3_49430985\" class=\"cmsms_icon_wrap\"><a href=\"http:\/\/www.mapierailing.it\/wp-content\/uploads\/2016\/11\/catalogue-gardecorps-and-clotures-2016-mapier.pdf\" target=\"_blank\"><span class=\"cmsms_simple_icon cmsms-icon-download-1\"><\/span><\/a><\/div>\n<\/div>\n<\/div>\n<\/div>\n<\/div>\n<\/div>\n<\/div>\n<div id=\"cmsms_row_6a058e6cbefa92_33840361\" class=\"cmsms_row cmsms_color_scheme_second\">\n<div class=\"cmsms_row_outer_parent\">\n<div class=\"cmsms_row_outer\">\n<div class=\"cmsms_row_inner\">\n<div class=\"cmsms_row_margin\">\n<div class=\"cmsms_column one_third\">\n<div class=\"cmsms_img  cmsms_image_l\">\n<img src=\"https:\/\/www.mapierailing.it\/wp-content\/uploads\/2015\/04\/m_f-1.png\" \/>\n<\/div>\n<\/div>\n<div class=\"cmsms_column one_third\">\n\n<div id=\"cmsms_heading_6a058e6cbf498\" class=\"cmsms_heading_wrap cmsms_heading_align_left\">\n\t<h4 class=\"cmsms_heading\">R\u00e9f\u00e9rences<\/h4>\n<\/div><div class=\"cmsms_text\">\n<p style=\"font-weight: 500;\">Martinelli Andrea &#8211; Commercial<br \/>\ncommerciale@mapiergroup.it<br \/>\nSkype: andrea.martinelli.mapiergroup<\/p>\n<\/div>\n\n<div id=\"cmsms_divider_6a058e6cbf5582_23865160\" class=\"cl\"><\/div>\n\n<div id=\"cmsms_divider_6a058e6cbf5993_66954899\" class=\"cl\"><\/div>\n<div class=\"cmsms_text\">\n<p style=\"font-weight: 500;\">Martinelli Marco &#8211; Technique<br \/>\ntecnico@mapiergroup.it<br \/>\nSkype: marco.martinelli.mapiergroup<\/p>\n<\/div>\n<\/div>\n<div class=\"cmsms_column one_third\">\n\n<div id=\"cmsms_heading_6a058e6cbf6e6\" class=\"cmsms_heading_wrap cmsms_heading_align_left\">\n\t<h4 class=\"cmsms_heading\">Contacts<\/h4>\n<\/div>\n<div id=\"cmsms_icon_box_6a058e6cbf7455_25809637\" class=\"cmsms_icon_box cmsms_icon_heading_left box_icon_type_icon\">\n<div class=\"icon_box_inner\">\n<h6 class=\"icon_box_heading cmsms-icon-location-3\">Via Albert Bruce Sabin, 40 - 40017 San Giovanni in Persiceto - Bologna (BO)<\/h6>\n<div class=\"icon_box_text\">\n<p><\/p>\n<\/div>\n<\/div>\n<\/div>\n\n<div id=\"cmsms_divider_6a058e6cbf7a30_30777306\" class=\"cl\"><\/div>\n\n<div id=\"cmsms_icon_box_6a058e6cbf7e63_01257820\" class=\"cmsms_icon_box cmsms_icon_heading_left box_icon_type_icon\">\n<div class=\"icon_box_inner\">\n<h6 class=\"icon_box_heading cmsms-icon-phone-4\">Tel. 051.821653 \u2013 Fax. 051.827952<\/h6>\n<div class=\"icon_box_text\">\n<p><\/p>\n<\/div>\n<\/div>\n<\/div>\n\n\n<div id=\"cmsms_divider_6a058e6cbf8359_18433034\" class=\"cl\"><\/div>\n\n<div id=\"cmsms_icon_box_6a058e6cbf8771_36995605\" class=\"cmsms_icon_box cmsms_icon_heading_left box_icon_type_icon\">\n<div class=\"icon_box_inner\">\n<h6 class=\"icon_box_heading cmsms-icon-mail-3\">info@mapiergroup.it<\/h6>\n<div class=\"icon_box_text\">\n<p><\/p>\n<\/div>\n<\/div>\n<\/div>\n<\/div>\n<\/div>\n<\/div>\n<\/div>\n<\/div>\n<\/div>\n\n","protected":false},"excerpt":{"rendered":"","protected":false},"author":4,"featured_media":0,"parent":0,"menu_order":0,"comment_status":"closed","ping_status":"closed","template":"","meta":[],"yoast_head":"<!-- This site is optimized with the Yoast SEO plugin v18.9 - https:\/\/yoast.com\/wordpress\/plugins\/seo\/ -->\n<title>Garde-corps en aluminium et verre &quot;Michelangelo&quot; - Railing Aluminium Design - Mapier Group S.r.l.<\/title>\n<meta name=\"robots\" content=\"index, follow, max-snippet:-1, max-image-preview:large, max-video-preview:-1\" \/>\n<link rel=\"canonical\" href=\"https:\/\/www.mapierailing.it\/fr\/garde-corps-en-aluminium-et-verre-michelangelo\/\" \/>\n<meta property=\"og:locale\" content=\"fr_FR\" \/>\n<meta property=\"og:type\" content=\"article\" \/>\n<meta property=\"og:title\" content=\"Garde-corps en aluminium et verre &quot;Michelangelo&quot; - Railing Aluminium Design - Mapier Group S.r.l.\" \/>\n<meta property=\"og:url\" content=\"https:\/\/www.mapierailing.it\/fr\/garde-corps-en-aluminium-et-verre-michelangelo\/\" \/>\n<meta property=\"og:site_name\" content=\"Railing Aluminium Design - Mapier Group S.r.l.\" \/>\n<meta property=\"article:modified_time\" content=\"2026-03-10T17:31:31+00:00\" \/>\n<meta name=\"twitter:card\" content=\"summary\" \/>\n<meta name=\"twitter:label1\" content=\"Dur\u00e9e de lecture estim\u00e9e\" \/>\n\t<meta name=\"twitter:data1\" content=\"2 minutes\" \/>\n<script type=\"application\/ld+json\" class=\"yoast-schema-graph\">{\"@context\":\"https:\/\/schema.org\",\"@graph\":[{\"@type\":\"WebSite\",\"@id\":\"https:\/\/www.mapierailing.it\/#website\",\"url\":\"https:\/\/www.mapierailing.it\/\",\"name\":\"Railing Aluminium Design - Mapier Group S.r.l.\",\"description\":\"Parapetti e recinzioni\",\"potentialAction\":[{\"@type\":\"SearchAction\",\"target\":{\"@type\":\"EntryPoint\",\"urlTemplate\":\"https:\/\/www.mapierailing.it\/?s={search_term_string}\"},\"query-input\":\"required name=search_term_string\"}],\"inLanguage\":\"fr-FR\"},{\"@type\":\"WebPage\",\"@id\":\"https:\/\/www.mapierailing.it\/fr\/garde-corps-en-aluminium-et-verre-michelangelo\/#webpage\",\"url\":\"https:\/\/www.mapierailing.it\/fr\/garde-corps-en-aluminium-et-verre-michelangelo\/\",\"name\":\"Garde-corps en aluminium et verre \\\"Michelangelo\\\" - Railing Aluminium Design - Mapier Group S.r.l.\",\"isPartOf\":{\"@id\":\"https:\/\/www.mapierailing.it\/#website\"},\"datePublished\":\"2016-08-01T12:33:43+00:00\",\"dateModified\":\"2026-03-10T17:31:31+00:00\",\"breadcrumb\":{\"@id\":\"https:\/\/www.mapierailing.it\/fr\/garde-corps-en-aluminium-et-verre-michelangelo\/#breadcrumb\"},\"inLanguage\":\"fr-FR\",\"potentialAction\":[{\"@type\":\"ReadAction\",\"target\":[\"https:\/\/www.mapierailing.it\/fr\/garde-corps-en-aluminium-et-verre-michelangelo\/\"]}]},{\"@type\":\"BreadcrumbList\",\"@id\":\"https:\/\/www.mapierailing.it\/fr\/garde-corps-en-aluminium-et-verre-michelangelo\/#breadcrumb\",\"itemListElement\":[{\"@type\":\"ListItem\",\"position\":1,\"name\":\"Home\",\"item\":\"https:\/\/www.mapierailing.it\/fr\/\"},{\"@type\":\"ListItem\",\"position\":2,\"name\":\"Garde-corps en aluminium et verre \u00ab\u00a0Michelangelo\u00a0\u00bb\"}]}]}<\/script>\n<!-- \/ Yoast SEO plugin. -->","yoast_head_json":{"title":"Garde-corps en aluminium et verre \"Michelangelo\" - Railing Aluminium Design - Mapier Group S.r.l.","robots":{"index":"index","follow":"follow","max-snippet":"max-snippet:-1","max-image-preview":"max-image-preview:large","max-video-preview":"max-video-preview:-1"},"canonical":"https:\/\/www.mapierailing.it\/fr\/garde-corps-en-aluminium-et-verre-michelangelo\/","og_locale":"fr_FR","og_type":"article","og_title":"Garde-corps en aluminium et verre \"Michelangelo\" - Railing Aluminium Design - Mapier Group S.r.l.","og_url":"https:\/\/www.mapierailing.it\/fr\/garde-corps-en-aluminium-et-verre-michelangelo\/","og_site_name":"Railing Aluminium Design - Mapier Group S.r.l.","article_modified_time":"2026-03-10T17:31:31+00:00","twitter_card":"summary","twitter_misc":{"Dur\u00e9e de lecture estim\u00e9e":"2 minutes"},"schema":{"@context":"https:\/\/schema.org","@graph":[{"@type":"WebSite","@id":"https:\/\/www.mapierailing.it\/#website","url":"https:\/\/www.mapierailing.it\/","name":"Railing Aluminium Design - Mapier Group S.r.l.","description":"Parapetti e recinzioni","potentialAction":[{"@type":"SearchAction","target":{"@type":"EntryPoint","urlTemplate":"https:\/\/www.mapierailing.it\/?s={search_term_string}"},"query-input":"required name=search_term_string"}],"inLanguage":"fr-FR"},{"@type":"WebPage","@id":"https:\/\/www.mapierailing.it\/fr\/garde-corps-en-aluminium-et-verre-michelangelo\/#webpage","url":"https:\/\/www.mapierailing.it\/fr\/garde-corps-en-aluminium-et-verre-michelangelo\/","name":"Garde-corps en aluminium et verre \"Michelangelo\" - Railing Aluminium Design - Mapier Group S.r.l.","isPartOf":{"@id":"https:\/\/www.mapierailing.it\/#website"},"datePublished":"2016-08-01T12:33:43+00:00","dateModified":"2026-03-10T17:31:31+00:00","breadcrumb":{"@id":"https:\/\/www.mapierailing.it\/fr\/garde-corps-en-aluminium-et-verre-michelangelo\/#breadcrumb"},"inLanguage":"fr-FR","potentialAction":[{"@type":"ReadAction","target":["https:\/\/www.mapierailing.it\/fr\/garde-corps-en-aluminium-et-verre-michelangelo\/"]}]},{"@type":"BreadcrumbList","@id":"https:\/\/www.mapierailing.it\/fr\/garde-corps-en-aluminium-et-verre-michelangelo\/#breadcrumb","itemListElement":[{"@type":"ListItem","position":1,"name":"Home","item":"https:\/\/www.mapierailing.it\/fr\/"},{"@type":"ListItem","position":2,"name":"Garde-corps en aluminium et verre \u00ab\u00a0Michelangelo\u00a0\u00bb"}]}]}},"_links":{"self":[{"href":"https:\/\/www.mapierailing.it\/fr\/wp-json\/wp\/v2\/pages\/10007"}],"collection":[{"href":"https:\/\/www.mapierailing.it\/fr\/wp-json\/wp\/v2\/pages"}],"about":[{"href":"https:\/\/www.mapierailing.it\/fr\/wp-json\/wp\/v2\/types\/page"}],"author":[{"embeddable":true,"href":"https:\/\/www.mapierailing.it\/fr\/wp-json\/wp\/v2\/users\/4"}],"replies":[{"embeddable":true,"href":"https:\/\/www.mapierailing.it\/fr\/wp-json\/wp\/v2\/comments?post=10007"}],"version-history":[{"count":8,"href":"https:\/\/www.mapierailing.it\/fr\/wp-json\/wp\/v2\/pages\/10007\/revisions"}],"predecessor-version":[{"id":12237,"href":"https:\/\/www.mapierailing.it\/fr\/wp-json\/wp\/v2\/pages\/10007\/revisions\/12237"}],"wp:attachment":[{"href":"https:\/\/www.mapierailing.it\/fr\/wp-json\/wp\/v2\/media?parent=10007"}],"curies":[{"name":"wp","href":"https:\/\/api.w.org\/{rel}","templated":true}]}}